{"id":8588,"date":"2020-10-14T14:49:56","date_gmt":"2020-10-14T12:49:56","guid":{"rendered":"https:\/\/egizio.museitorino.it\/?page_id=8588"},"modified":"2026-03-12T17:51:57","modified_gmt":"2026-03-12T16:51:57","slug":"terms","status":"publish","type":"page","link":"https:\/\/cinema.museitorino.it\/en\/terms\/","title":{"rendered":"Terms and Conditions"},"content":{"rendered":"<div class=\"wpb-content-wrapper\"><h2 class=\"entry-title\">Bozza automatica<\/h2><p><\/p>\n<blockquote><p>English version coming soon&#8230;<\/p><\/blockquote>\n<h3 class=\"column\">Oggetto<\/h3>\n<p>Le presenti Condizioni Generali di Contratto (di seguito \u201cCGC\u201d) disciplinano l\u2019offerta e la vendita dei Prodotti, cos\u00ec come di seguito definiti (\u201cServizio\u201d). L\u2019utente che si avvale del Servizio (di seguito \u201cCliente\u201d) \u00e8 tenuto a leggere attentamente e approvare, mediante selezione dell\u2019apposita casella messa a sua disposizione durante il procedimento di acquisto, le presenti CGC. Il Servizio \u00e8 fornito da REAR Societ\u00e0 Cooperativa (di seguito REAR), con sede in Torino, via Pietrino Belli 55, iscritta al registro delle imprese di Torino al n. 045601300178, codice fiscale e partita IVA n. 045601300178, in nome e per conto della <strong>Museo Nazionale del Cinema \u2013 Fondazione Maria Adriana Prolo<\/strong> con sede in Torino, Via Montebello, n. 20, IT-10124, (di seguito \u201cOrganizzatore\u201d).<\/p>\n<p>Il Servizio sar\u00e0 fornito mediante un apposito software di propriet\u00e0 di MidaTicket s.r.l. (di seguito \u201cMida\u201d), con sede in via Casalino 27 24121 Bergamo, C.F. e P.I. 02758170167 inserito all\u2019interno del sito internet <a href=\"http:\/\/cinema.museitorino.it\">cinema.museitorino.it<\/a> e dei siti di volta in volta indicati dall\u2019Organizzatore.<\/p>\n<p>Il Servizio ha come oggetto:<\/p>\n<ol>\n<li>la compravendita a distanza dei titoli di accesso agli eventi pubblicati sul portale <a href=\"http:\/\/cinema.museitorino.it\">cinema.museitorino.it<\/a>, ossia di documenti, anche in formato digitale, emessi dall&#8217;organizzatore di ciascun evento (di seguito, l\u2019\u201dOrganizzatore&#8221;), che legittimano il portatore di detti titoli ad accedere ai locali e\/o ai servizi indicati sui documenti stessi;<\/li>\n<li>la prenotazione dei titoli di accesso ad un evento e\/o di servizi, fruibili in determinate date e orari, resi disponibili dall&#8217;Organizzatore;<\/li>\n<li>l&#8217;acquisto di specifici servizi (a titolo esemplificativo: visite guidate, audioguide, ecc.);<\/li>\n<li>la prenotazione di beni (a titolo esemplificativo: libri, cataloghi, ecc.), la cui vendita sar\u00e0\u00a0perfezionata al momento della consegna dei beni stessi;<\/li>\n<li>l\u2019acquisto di beni (a titolo esemplificativo: libri, cataloghi, articoli di merchandising, ecc.);<\/li>\n<\/ol>\n<p>Le operazioni individuate ai punti 1, 2, 3, 4 e 5 dell&#8217;elenco che precede, singolarmente e congiuntamente di seguito saranno definite come la &#8220;Transazione&#8221;.<\/p>\n<h3>Ambito di applicazione<\/h3>\n<p>L&#8217;offerta e la vendita dei Titoli di Ingresso, dei Servizi di REAR e dei Servizi dell\u2019Organizzatore costituiscono un contratto a distanza disciplinato dal Capo I, Titolo III (artt. 45 e ss.) del Codice del Consumo e dal Decreto Legislativo 9 aprile 2003, n. 70, contenente la disciplina del commercio elettronico.<\/p>\n<p>I Prodotti dell\u2019Organizzatore e i Servizi dell\u2019Organizzatore e\/o di REAR sono offerti in vendita solo a Clienti identificati in (a) consumatori (ai sensi del Decreto Legislativo n. 206\/2005), e cio\u00e8 qualsiasi persona fisica che agisce per scopi estranei all\u2019attivit\u00e0 imprenditoriale, commerciale, artigianale o professionale eventualmente svolta; (b) maggiorenni (ai sensi delle leggi dei rispettivi Paesi). REAR e Mida hanno diritto di rifiutarsi di processare ordini di soggetti diversi dai consumatori e qualsiasi altro ordine che non sia conforme a questi Termini e Condizioni Generali. Nel fornire il Servizio, REAR e Mida agiscono per conto dell\u2019Organizzatore e non hanno alcuna responsabilit\u00e0 nella gestione ed organizzazione delle offerte culturali e degli eventi e manifestazioni pubblicati attraverso il portale di vendita. Al riguardo, si evidenzia che le offerte culturali e gli eventi e manifestazioni pubblicati attraverso il suddetto canale di vendita possono subire variazioni indipendentemente dalla volont\u00e0 di REAR e di Mida, che effettuano solo un monitoraggio periodico dell\u2019aggiornamento delle informazioni pubblicate su input diretto dell\u2019Organizzatore. La pubblicazione on line delle presenti Condizioni Generali di Contratto e la conferma dell\u2019ordine di acquisto (di seguito \u201cContratto di Acquisto\u201d) fornita da REAR e Mida al Cliente valgono quale \u201cconferma del contratto concluso su un mezzo durevole\u201d ai sensi dell\u2019art. 51, comma 7 del Decreto Legislativo n. 206\/2005 (\u201cCodice del Consumo\u201d).<\/p>\n<h3>Procedure di prenotazione<\/h3>\n<p>In conformit\u00e0 al Decreto Legislativo 9 aprile 2003, n. 70 recante disposizioni in materia di commercio elettronico, REAR e Mida informano l&#8217;utente che per concludere il Contratto di Acquisto di un Prodotto attraverso il portale di vendita, il Cliente deve selezionare il Prodotto e compilare il modulo online, che deve essere considerato come una proposta contrattuale (di seguito il \u201cModulo d\u2019Ordine\u201d). Il Modulo d\u2019Ordine \u00e8 composto da una pagina \u201cinformazioni cliente\u201d contenente le informazioni personali e da una seconda pagina che consente al Cliente di fornire i dettagli di pagamento. Il Modulo d\u2019Ordine include anche le principali caratteristiche del Prodotto ordinato, il prezzo unitario (comprensivo di IVA) e un link alle Condizioni di Servizio.<\/p>\n<p>Per inviare i dettagli e completare il Modulo d\u2019Ordine, il Cliente deve fornire i propri dati personali e, qualora richiesti, i dati di ciascun soggetto per il quale \u00e8 legittimato ad acquistare un Titolo di Ingresso (di seguito il \u201cPortatore del Titolo di Ingresso\u201d), compilando il modulo di registrazione\/d\u2019ordine con i suddetti dati personali. Il Cliente dichiara e garantisce che tutte le informazioni relative ai dati personali fornite durante il procedimento d\u2019ordine sono aggiornate, complete, accurate e veritiere. Il Cliente autorizza REAR e Mida a verificare la correttezza dei dati personali e di qualsiasi altra informazione fornita e si impegna a collaborare con REAR e Mida durante tali verifiche.<\/p>\n<p>Inviando un Modulo d\u2019Ordine a REAR e Mida, il Cliente accetta incondizionatamente e si impegna a rispettare le previsioni delle presenti CGC. Il Modulo d\u2019Ordine \u00e8 conservato nel database di REAR e Mida per il tempo necessario a processare l\u2019ordine del Cliente e per il tempo previsto dalla legge.<\/p>\n<h3>Titoli di Ingresso ed Eventi<\/h3>\n<p>Il Cliente o qualunque soggetto che detiene legittimamente e in conformit\u00e0 alle presenti Condizioni Generali di Contratto un Titolo di Ingresso acquistato dal Cliente (di seguito il \u201cPortatore del Titolo di Ingresso\u201d) deve essere munito di un valido Titolo di Ingresso per accedere al sito culturale e\/o a usufruire dei servizi offerti dall\u2019Organizzatore o da REAR (di seguito, congiuntamente, \u201cIniziativa Culturale\u201d). Ad esso si applicano le norme applicabili al Cliente e\/o al Portatore del Titolo di Ingresso come rese note in relazione alla singola Iniziativa Culturale ovvero comunque applicabili al Cliente o all\u2019Iniziativa Culturale.<\/p>\n<p>Il Titolo di Ingresso deve essere acquistato attraverso il portale cinema.museitorino.it ovvero il diverso portale che dovesse essere indicato da REAR, tramite diverse reti distributive debitamente autorizzate. Nel caso in cui il Titolo di Ingresso sia stato acquistato dal Cliente da soggetti diversi da quelli sopra indicati ovvero se il Titolo di Ingresso sia stato perduto, rubato, duplicato o ottenuto in contrasto con le presenti Condizioni Generali di Contratto, il Portatore del Titolo di Ingresso potr\u00e0 non essere autorizzato dall\u2019Organizzatore dell\u2019Iniziativa Culturale ad accedere al luogo dell\u2019Iniziativa Culturale ovvero potr\u00e0 essere obbligato ad abbandonarlo. REAR e Mida non sostituiranno i Titoli di Ingresso agli eventi selezionati consegnati all\u2019utente, nel caso in cui tali Titoli di Ingresso risultino smarriti, perduti, deteriorati, danneggiati o distrutti n\u00e9 se siano stati rubati. Il Titolo di Ingresso non pu\u00f2 essere ceduto dal Cliente a titolo oneroso n\u00e9 pu\u00f2 essere oggetto di intermediazione.<\/p>\n<p>REAR e Mida potranno in ogni momento annullare, su richiesta dell\u2019Organizzatore e\/o delle Autorit\u00e0 preposte alla tutela dell\u2019ordine e della sicurezza pubblica, un Titolo di Ingresso anche gi\u00e0 emesso o un ordine di acquisto gi\u00e0 effettuato sia per motivi tecnici e\/o organizzativi sia laddove insorgano problemi con riguardo all\u2019effettivo pagamento del Titolo d\u2019Ingresso da parte del Cliente. REAR e Mida si riservano il diritto di rifiutare o cancellare ordini che provengano (i) da un Cliente con cui esse abbiano in corso un contenzioso legale; (ii) da un Cliente che abbia in precedenza violato le presenti CGC e\/o le condizioni e\/o i termini del Contratto; (iii) da un Cliente che sia stato coinvolto in frodi di qualsiasi tipo e, in particolare, in frodi relative a pagamenti con carta di credito; (iv) da Clienti che abbiano rilasciato dati identificativi falsi, inventati, di fantasia, incompleti o comunque inesatti e\/o in qualsiasi modo non corrispondenti al vero o riferiti a terze persone.<\/p>\n<h3>Disponibilit\u00e0 dei Titoli di Ingresso<\/h3>\n<p>In merito ai Titoli di Ingresso acquistabili tramite il portale di vendita, REAR e Mida segnalano e l\u2019utente prende atto e riconosce che:<\/p>\n<ol type=\"a\">\n<li>una pluralit\u00e0 di utenti pu\u00f2 tentare di effettuare l\u2019acquisto della stessa categoria di Titoli di Ingresso e\/o servizi in relazione alla stessa Iniziativa Culturale (\u201cMedesimo Titolo di Ingresso\u201d) contemporaneamente;<\/li>\n<li>la pressione del bottone \u201cConferma la prenotazione\u201d genera una richiesta al server di REAR e Mida (\u201cServer\u201d);<\/li>\n<li>tutte le richieste al Server generate dalla pressione del bottone \u201cConferma la prenotazione\u201d e relative al Medesimo Titolo di Ingresso e\/o servizi sono processate in ordine cronologico, in base al momento di arrivo della richiesta al Server;<\/li>\n<li>l\u2019acquisto della categoria di Titoli di Ingresso e\/o servizi selezionata dall\u2019utente, mediante pressione del bottone \u201cConferma la prenotazione\u201d, potr\u00e0, quindi, avvenire solo se, nel momento in cui la richiesta generata dalla pressione di tale bottone perviene al Server, vi sia ancora, disponibilit\u00e0 della categoria di Titoli di Ingresso e\/o servizi richiesta, tenuto conto delle azioni compiute dagli altri utenti la cui richiesta relativa al Medesimo Titolo di Ingresso e\/o servizi \u00e8 arrivata al Server in un momento precedente a quella dell\u2019utente;<\/li>\n<li>il fatto che, nell\u2019ambito dello stesso pacchetto dei Titoli di Ingresso e\/o servizi acquistabili tramite il portale, una categoria di Titoli di Ingresso e\/o servizi prima non disponibile sia successivamente visualizzata dall\u2019utente come mettibile nel carrello, mediante pressione del relativo bottone, dipende dalle azioni degli utenti che hanno messo il Medesimo Titolo di Ingresso e\/o servizi nel carrello e non hanno finalizzato l\u2019acquisto (es: per abbandono volontario del carrello o scadenza del tempo massimo per finalizzare l\u2019acquisto, durante il quale il Titolo di Ingresso e\/o servizi \u00e8 riservato all\u2019utente che lo ha inserito nel carrello, o transazione non andata a buon fine); in questo caso, infatti, il sistema rimette in vendita il Titolo di Ingresso per il quale il procedimento di acquisto non \u00e8 stato completato, secondo le regole sopra illustrate.<\/li>\n<\/ol>\n<h3>Durata delle prenotazioni<\/h3>\n<p>Il Servizio REAR consente all\u2019utente di avere a disposizione un periodo limitato di tempo per il pagamento dei titoli dia accesso prenotati (di seguito il \u201cTempo di Prenotazione\u201d). Il Tempo di Prenotazione \u00e8 specificato nelle pagine del Sito dedicate all\u2019evento ed \u00e8 pari a 20 minuti. Trascorso il Tempo di Prenotazione senza che l\u2019utente abbia effettuato il pagamento dei titoli di accesso prenotati, le relative prenotazioni verranno annullate e tutti i posti torneranno automaticamente sul circuito di vendita.<\/p>\n<p>Si precisa che, in funzione dei diversi accordi che REAR stipula di volta in volta con l\u2019Organizzatore dell\u2019Iniziativa Culturale, quest\u2019ultimo pu\u00f2 riservarsi il diritto di ritirare del tutto discrezionalmente e in qualsiasi momento dal circuito di vendita posti di accesso alle Iniziative Culturali pubblicate. In tal caso, qualora al momento del ritiro da parte dell\u2019Organizzatore dell\u2019Iniziativa Culturale l\u2019utente non abbia perfezionato ancora l\u2019acquisto del relativo titolo di accesso e conseguentemente la relativa prenotazione sia ancora valida ai sensi delle presenti condizioni generali di utilizzo del Servizio non essendo ancora scaduto il Tempo di Prenotazione, non sar\u00e0 tuttavia pi\u00f9 possibile effettuare il recupero della prenotazione, anche se valida, ed il relativo titolo di accesso non potr\u00e0 essere emesso da REAR, senza che per questo che REAR possa in alcun modo essere ritenuto responsabile.<\/p>\n<h3>Strumenti di pagamento<\/h3>\n<p>Il pagamento dei Titoli di Ingresso acquistati tramite attraverso carte di credito appartenenti a circuiti VISA, VISA ELECTRON, MASTERCARD, DINERS, JCB, MAESTRO, UNIONPAY. Le carte di credito accettate sono indicate nella fase \u201cOpzioni di Pagamento\u201d del procedimento di acquisto. L\u2019addebito dell\u2019Importo Totale dovuto dall\u2019utente a REAR \u00e8 effettuato al momento della trasmissione dell\u2019ordine.<\/p>\n<p>REAR e Mida si riservano di applicare, per motivi di sicurezza o a discrezione dell\u2019Organizzatore, limitazioni ed esclusioni agli strumenti di pagamento utilizzabili dal Cliente per il pagamento dei Titoli di Ingresso.<\/p>\n<p>Il pagamento avviene attraverso un servizio di pagamento sicuro che prevede l\u2019utilizzo del protocollo di sicurezza TLS. I dati riservati della carta di credito (numero della carta, intestatario data di scadenza, codice di sicurezza) sono criptati e cos\u00ec trasmessi a Nexi (un fornitore di servizi di pagamento) e, dove applicabile, a Paypal o ad altri fornitori di servizi per pagamento disponibili di volta in volta sul portale di vendita, senza che terze parti abbiano accesso agli stessi. REAR e Mida non hanno quindi mai accesso e non memorizzano i dati della carta di credito utilizzata dal Cliente per il pagamento dei Titoli di Ingresso, se non per completare la procedura relativa all\u2019acquisto o per effettuare rimborsi in caso di cancellazioni, in conformit\u00e0 all&#8217;esercizio del diritto di recesso, o per segnalare casi di truffa alle autorit\u00e0 di polizia.<\/p>\n<p>In caso di risoluzione del Contratto di Acquisto e in ogni altro caso di rimborso, a qualsiasi titolo, l\u2019importo del rimborso sar\u00e0 accreditato sullo stesso mezzo di pagamento utilizzato dal Cliente per la transazione iniziale; nel caso in cui ci\u00f2 non sia possibile, il rimborso sar\u00e0 effettuato mediante bonifico bancario. REAR chieder\u00e0 al Cliente le coordinate bancarie necessarie per effettuare il rimborso.<\/p>\n<h3>Prezzo dei Titoli di Ingresso<\/h3>\n<p>Il prezzo del Titolo di Ingresso \u00e8 quello comunicato dall\u2019Organizzatore e noto a REAR e Mida al momento della chiusura dell\u2019operazione di acquisto del Titolo di Ingresso da parte del Cliente. L\u2019eventuale minor prezzo che, successivamente all\u2019acquisto da parte del Cliente, venisse applicato dall\u2019Organizzatore a Titoli di Ingresso della medesima tipologia ovvero con riguardo a Iniziative Culturali da tenersi in una particolare data, non dar\u00e0 al Cliente diritto al rimborso della differenza. Il prezzo dei Titoli di Ingresso \u00e8 quello riportato sul Titolo di Ingresso stesso, ivi inclusi gli eventuali diritti di prevendita applicati dall\u2019Organizzatore.<\/p>\n<p>Il prezzo dei Titoli di Ingresso, cos\u00ec come le commissioni di servizio, nonch\u00e9 qualsiasi altro prezzo esposto sul Sito devono intendersi inclusivi dell\u2019IVA applicabile.<\/p>\n<h3>Modalit\u00e0 di consegna dei Titoli di Ingresso<\/h3>\n<p>I Titoli di Ingresso e\/o i servizi acquistati sono consegnati al Cliente in formato biglietto veloce \u2013 print@home e possono essere presentati dal Portatore del Titolo di Ingresso in formato cartaceo o in formato digitale.<\/p>\n<p>Il sistema di controllo accessi autorizzer\u00e0 l\u2019ingresso di 1 solo Titolo di Ingresso equivalente ad 1 unico codice QR. Eventuali fotocopie e\/o frodi derivanti da un utilizzo improprio dello stesso saranno perseguibili a norma di legge e non imputabili a REAR e Mida n\u00e9 all&#8217;Organizzatore. L&#8217;Organizzatore non consentir\u00e0 in nessun caso l&#8217;accesso di eventuali Titoli di Ingresso duplicati.<\/p>\n<h3>Conclusione della vendita<\/h3>\n<p>Un ordine si considera inviato quando REAR e Mida ricevono elettronicamente il Modulo d\u2019Ordine e le informazioni l\u00ec indicate sono verificate e ritenute corrette. Il contratto si considera concluso quando \u2013 a fronte di un pagamento autorizzato attraverso il portale di vendita \u2013 REAR e Mida consegnano al Cliente il biglietto veloce \u2013 print@home.<\/p>\n<h3>Fatturazione<\/h3>\n<p>A fronte di ciascun pagamento effettuato direttamente sul conto bancario di REAR, REAR emette la fattura o ricevuta di pagamento, contenente l\u2019indicazione e i dettagli delle somme ricevute per conto dell\u2019Organizzatore e le eventuali commissioni di servizio pagate direttamente a REAR o, in caso di acquisto di Servizi di REAR, le somme ricevute da REAR per proprio conto. Conformemente a quanto previsto dall\u2019art. 7-ter del Decreto Legislativo n. 633\/72, l\u2019IVA viene applicata in fattura sia ai soggetti residenti ai fini fiscali in Italia sia ai consumatori che non siano fiscalmente residenti in Italia.<\/p>\n<h3>Diritto di recesso<\/h3>\n<p>Ai sensi dell\u2019art. 55, comma 1 lett. b), del Decreto Legislativo 6 ottobre 2005 n. 206 (il cos\u00ec detto \u201cCodice del Consumo\u201d) alle transazioni effettuate per il tramite del Servizio non \u00e8 applicabile l\u2019esercizio del diritto di recesso di cui agli artt. 64 e ss. dello stesso Codice del Consumo. Dopo aver effettuato la transazione non \u00e8 pertanto possibile annullare l\u2019acquisto, n\u00e9 avere il rimborso del prezzo nominale.<\/p>\n<p>Limitatamente all&#8217;eventuale acquisto di beni, il consumatore dispone di un periodo di 14 giorni per recedere dal contratto di acquisto ai sensi dell&#8217;art. 52 D.Lgs. n. 206\/2005, senza dover fornire alcuna motivazione. Il periodo di recesso termina dopo 14 giorni a partire dal ricevimento dei beni da parte del consumatore. Il costo per la restituzione dei beni \u00e8 a carico del consumatore, che \u00e8 tenuto ad inviarli a mezzo posta presso la sede indicata da REAR entro 14 giorni dall&#8217;invio a REAR del modulo con cui dichiara di avvalersi del diritto di recesso. Il consumatore informa REAR della sua decisione di esercitare il diritto di recesso dal contratto compilando il modulo di recesso ed inviandolo a mezzo e-mail all&#8217;indirizzo amministrazione@museitorino.it. Il diritto di recesso \u00e8 validamente esercitato se la comunicazione relativa al suo esercizio \u00e8 inviata dal consumatore entro 14 giorni dall&#8217;acquisto del possesso dei beni.<\/p>\n<h3>Iniziativa Culturale rinviata o annullata<\/h3>\n<p>In caso di rinvio o annullamento dell\u2019Iniziativa Culturale da parte dell\u2019Organizzatore, REAR e Mida, in quanto soggetti che agiscono in nome e per conto dell\u2019Organizzatore in relazione alla vendita dei Titoli di Ingresso, non possono essere in alcun caso ritenute responsabili. REAR e Mida comunicheranno al Cliente, in nome e per conto dell\u2019Organizzatore, le iniziative adottate dall\u2019Organizzatore in relazione al rimborso o alla sostituzione dei Titoli di Ingresso relativi all\u2019Iniziativa Culturale rinviata o annullata, fermo rimanendo che sar\u00e0 di esclusiva responsabilit\u00e0 dell\u2019Organizzatore la scelta in merito a tali iniziative.<\/p>\n<p>Nel caso di annullamento dell\u2019Iniziativa Culturale, REAR e Mida provvederanno alla effettuazione del rimborso al Cliente, secondo le modalit\u00e0 e con la tempistica decise dell\u2019Organizzatore, solo nel caso in cui REAR e Mida siano state appositamente delegate a tale rimborso e nella misura in cui abbiano ricevuto da quest\u2019ultimo la necessaria provvista. In ogni caso di annullamento e\/o rinvio dell\u2019Iniziativa Culturale, il Cliente potr\u00e0 comunque rivolgersi all\u2019Organizzatore, per far valere nei confronti dello stesso tutti i suoi diritti.<\/p>\n<h3>Limitazioni di responsabilit\u00e0<\/h3>\n<p>Salvo il caso di dolo o colpa grave, REAR e Mida non potranno essere ritenute responsabili per le spese e per i danni, diretti e indiretti, di qualsiasi natura, sofferti dal Cliente in relazione alla vendita di Titoli di Ingresso.<\/p>\n<p>REAR e Mida non possono essere ritenuti in alcun modo responsabili di eventuali disagi, inconvenienti o disservizi subiti dai Clienti per fatti dovuti all\u2019Organizzatore dell\u2019evento, n\u00e9 possono essere ritenute in alcun modo responsabili di eventuali variazioni di programma delle Iniziative Culturali pubblicate attraverso il portale di vendita e, a tal fine, si raccomandano di verificare sempre e in ogni caso gli eventi in programma direttamente sul sito ufficiale dell\u2019Organizzatore. REAR e Mida non sono responsabili della tipologia dei posti messi in vendita dall\u2019Organizzatore e non garantiscono che i Titoli di Ingresso acquistabili attraverso i propri canali di vendita rappresentino, per ciascuna tipologia, i migliori disponibili al momento dell\u2019acquisto da parte del Cliente o che posti migliori non possano essere messi in vendita dall\u2019Organizzatore in momenti successivi.<\/p>\n<h3>Divieti<\/h3>\n<p>I Titoli di Ingresso non possono essere utilizzati per ragioni politiche, commerciali, pubblicitarie o altre ragioni promozionali (come, per esempio, quali premi in competizioni o lotterie) salvo il caso di preventiva autorizzazione scritta da parte dell\u2019Organizzatore dell\u2019Iniziativa Culturale e\/o, se a ci\u00f2 autorizzata dall\u2019Organizzatore dell\u2019Iniziativa Culturale, da parte di REAR e Mida. Il Cliente che utilizzi i Titoli di Ingresso in violazione della presente disposizione sar\u00e0 responsabile dei danni determinati dal proprio comportamento e potr\u00e0 essere perseguito giudizialmente.<\/p>\n<h3>Generale<\/h3>\n<p>Qualora una qualsiasi previsione dei presenti Termini e Condizioni Generali venga considerata illecita, invalida, inefficace o contraria alla legge a seguito di una decisione definitiva di una corte competente, tale previsione sar\u00e0 rimossa, e tutte le altre disposizioni di questi Termini e Condizioni Generali saranno considerate pienamente efficaci e valide.<\/p>\n<p>In tutti i casi in cui l\u2019utente del Servizio non sia un consumatore, qualsiasi controversia relativa alla validit\u00e0, interpretazione, esecuzione e\/o risoluzione di atti giuridicamente rilevanti correlati all\u2019utilizzo del Servizio saranno devoluti alla competenza esclusiva del Foro di Torino. Le presenti CGC, le varie prescrizioni indicate nelle fasi del processo di vendita a distanza, ove applicabili, e le avvertenze sul Titolo di Ingresso costituiscono l\u2019intero accordo contrattuale tra il Cliente e REAR.<\/p>\n<p>In caso di conflitto tra le previsioni delle presenti CGC, quali pubblicate in lingua italiana, e il corrispondente testo pubblicato da REAR e Mida in lingua inglese, cos\u00ec come in caso di conflitto con la versione italiana e la versione inglese di ogni altro contenuto del Contratto, la versione in lingua italiana dovr\u00e0 considerarsi prevalente.<\/p>\n<div class=\"button-container\"><a class=\"entry-button cta-button\" href=\"https:\/\/cinema.museitorino.it\/en\/?p=12890\">Find out more<\/a><\/div><\/div>","protected":false},"excerpt":{"rendered":"<p>Bozza automatica English version coming soon&#8230; Oggetto Le presenti Condizioni Generali di Contratto (di seguito \u201cCGC\u201d) disciplinano l\u2019offerta e la vendita dei Prodotti, cos\u00ec come di seguito definiti (\u201cServizio\u201d). L\u2019utente che si avvale del Servizio (di seguito \u201cCliente\u201d) \u00e8 tenuto a leggere attentamente e approvare, mediante selezione dell\u2019apposita casella messa <a class=\"modal-link\" href=\"https:\/\/cinema.museitorino.it\/en\/terms\/\" data-post-id=\"8588\">Read all<\/a><\/p>\n","protected":false},"author":23,"featured_media":0,"parent":0,"menu_order":0,"comment_status":"closed","ping_status":"closed","template":"","meta":{"_acf_changed":false,"footnotes":"","_links_to":"","_links_to_target":""},"class_list":["post-8588","page","type-page","status-publish","h-entry","hentry","h-as-page"],"acf":[],"_links":{"self":[{"href":"https:\/\/cinema.museitorino.it\/en\/wp-json\/wp\/v2\/pages\/8588","targetHints":{"allow":["GET"]}}],"collection":[{"href":"https:\/\/cinema.museitorino.it\/en\/wp-json\/wp\/v2\/pages"}],"about":[{"href":"https:\/\/cinema.museitorino.it\/en\/wp-json\/wp\/v2\/types\/page"}],"author":[{"embeddable":true,"href":"https:\/\/cinema.museitorino.it\/en\/wp-json\/wp\/v2\/users\/23"}],"replies":[{"embeddable":true,"href":"https:\/\/cinema.museitorino.it\/en\/wp-json\/wp\/v2\/comments?post=8588"}],"version-history":[{"count":6,"href":"https:\/\/cinema.museitorino.it\/en\/wp-json\/wp\/v2\/pages\/8588\/revisions"}],"predecessor-version":[{"id":12773,"href":"https:\/\/cinema.museitorino.it\/en\/wp-json\/wp\/v2\/pages\/8588\/revisions\/12773"}],"wp:attachment":[{"href":"https:\/\/cinema.museitorino.it\/en\/wp-json\/wp\/v2\/media?parent=8588"}],"curies":[{"name":"wp","href":"https:\/\/api.w.org\/{rel}","templated":true}]}}