{"id":3,"date":"2020-07-23T16:33:37","date_gmt":"2020-07-23T14:33:37","guid":{"rendered":"https:\/\/cinema.museitorino.it\/?page_id=3"},"modified":"2025-07-29T12:46:40","modified_gmt":"2025-07-29T10:46:40","slug":"privacy-policy","status":"publish","type":"page","link":"https:\/\/cinema.museitorino.it\/es\/privacy-policy\/","title":{"rendered":"Privacy Policy"},"content":{"rendered":"<h2 class=\"entry-title\">Bozza automatica<\/h2><p><b>Informe sobre el tratamiento de datos personales en virtud del art. 13 del Reg. 2016\/679 de la UE<\/b><\/p>\n<p>El Reglamento de la UE 2016\/679 \u00abReglamento General de Protecci\u00f3n de Datos\u00bb (RGPD) establece el derecho a la protecci\u00f3n de las personas f\u00edsicas en relaci\u00f3n con el tratamiento de datos personales.<\/p>\n<p>Los datos personales son cualquier informaci\u00f3n relativa a una persona f\u00edsica identificada o identificable (\u00absujeto de los datos\u00bb); una persona identificable es aquella que puede ser identificada, directa o indirectamente, por referencia a un identificador como un nombre, un n\u00famero de identificaci\u00f3n, datos de localizaci\u00f3n, un identificador en l\u00ednea o a una o m\u00e1s caracter\u00edsticas de su identidad f\u00edsica, fisiol\u00f3gica, gen\u00e9tica, mental, econ\u00f3mica, cultural o social.<\/p>\n<p>De acuerdo con esta normativa, el tratamiento de sus datos personales se basar\u00e1 en los principios establecidos en el art\u00edculo 5 del RGPD y, en particular, en los de licitud, correcci\u00f3n y transparencia.<\/p>\n<p>Los datos personales tratados ser\u00e1n:<\/p>\n<ul>\n<li>recogidos con fines espec\u00edficos, expl\u00edcitos y leg\u00edtimos (v\u00e9ase el punto 2);<\/li>\n<li>adecuados, pertinentes y limitados a lo necesario en relaci\u00f3n con los fines para los que se tratan;<\/li>\n<li>conservados en una forma que permita la identificaci\u00f3n de los interesados durante un tiempo no superior al necesario para los fines para los que se tratan;<\/li>\n<li>tratados de tal manera que se garantice una seguridad adecuada de los datos personales, incluida la protecci\u00f3n, mediante medidas t\u00e9cnicas y organizativas apropiadas, contra el tratamiento no autorizado o ilegal y contra la p\u00e9rdida, destrucci\u00f3n o da\u00f1o accidentales.<\/li>\n<\/ul>\n<p>Adem\u00e1s, se tomar\u00e1n todas las medidas razonables para suprimir o rectificar a tiempo los datos que sean inexactos en relaci\u00f3n con los fines para los que se tratan.<\/p>\n<p>A continuaci\u00f3n le proporcionamos, como sujeto interesado, informaci\u00f3n espec\u00edfica sobre el tratamiento de sus datos personales<\/p>\n<ol>\n<li><b>CONTROLADOR DE DATOS<\/b><\/li>\n<\/ol>\n<p>Los controladores de datos son:<\/p>\n<ul>\n<li style=\"list-style-type: none;\">\n<ul>\n<li><b>Museo Nazionale del Cinema \u2013 Fondazione Maria Adriana Prolo<\/b> con sede en Tur\u00edn, Via Montebello, n. 20, IT-10124; correo electr\u00f3nico: <a href=\"mailto:privacy@museocinema.it\">privacy@museocinema.it<\/a>.<\/li>\n<\/ul>\n<\/li>\n<\/ul>\n<p>El Controlador de Datos ha designado como Responsable del Tratamiento de datos, en virtud del art\u00edculo 28 del RGPD, para los datos personales recogidos a trav\u00e9s del Portal \u00ab<a href=\"http:\/\/cinema.museitorino.it\"><b>cinema.museitorino.it<\/b><\/a>\u00ab, a REAR SOC. COOP., con sede en Via Pietrino Belli 55, 10145, Tur\u00edn; correo electr\u00f3nico: privacy@rearonline.it, Tel. +39 011-5360400.<\/p>\n<ol start=\"2\">\n<li><b>FINALIDAD DEL TRATAMIENTO DE DATOS PERSONALES<\/b><\/li>\n<\/ol>\n<p>Sus datos personales ser\u00e1n tratados para los siguientes fines:<\/p>\n<ol>\n<li>ejecuci\u00f3n del contrato y gesti\u00f3n del pedido, en particular para:<\/li>\n<\/ol>\n<ul>\n<li style=\"list-style-type: none;\">\n<ul>\n<li>ejecutar el contrato de prestaci\u00f3n del servicio y permitir a los organizadores de cada evento gestionar la emisi\u00f3n de billetes de entrada;<\/li>\n<li>gestionar las reservas de productos y servicios realizadas por el usuario y permitir la entrega de los productos adquiridos por los usuarios;<\/li>\n<li>cumplir correctamente con todas las obligaciones derivadas de la respectiva relaci\u00f3n contractual con usted, as\u00ed como las obligaciones derivadas de la ley o de la normativa vigente, en particular, en materia de fiscalidad, y de seguridad p\u00fablica;<\/li>\n<\/ul>\n<\/li>\n<\/ul>\n<ol start=\"2\">\n<li>para fines administrativos y contables, incluida la posible transmisi\u00f3n por correo electr\u00f3nico de facturas comerciales;<\/li>\n<li>para actividades de marketing o promocionales (por ejemplo, boletines informativos), limitadas al uso de su direcci\u00f3n de correo electr\u00f3nico y\/o postal proporcionada en el momento de la compra de un servicio a trav\u00e9s del Portal de ventas \u00ab<a href=\"http:\/\/cinema.museitorino.it\"><b>cinema.museitorino.it<\/b><\/a>\u00ab, con el fin de permitir a los organizadores de cada evento ofrecer directamente productos o servicios, salvo que usted se oponga al tratamiento.<\/li>\n<\/ol>\n<ol start=\"3\">\n<li><b>BASES JUR\u00cdDICAS DEL TRATAMIENTO<\/b><\/li>\n<\/ol>\n<p>El tratamiento de sus datos personales lo llevan a cabo los encargados del tratamiento:<\/p>\n<ul>\n<li style=\"list-style-type: none;\">\n<ul>\n<li>con referencia a los fines contemplados en el punto 2 letras a) y b), en el contexto de la ejecuci\u00f3n del contrato en el que usted es parte o de las medidas precontractuales adoptadas a petici\u00f3n suya (Art. 6, par. 1, letra b), RGPD);<\/li>\n<li>con referencia a las finalidades establecidas en el punto 2 letra c), siempre y cuando se cuente con su consentimiento expreso (Art. 6(1)(a), RGPD).<\/li>\n<\/ul>\n<\/li>\n<\/ul>\n<ol start=\"4\">\n<li><b>CATEGOR\u00cdAS DE DATOS PERSONALES TRATADOS<\/b><\/li>\n<\/ol>\n<p>El cumplimiento de los fines mencionados implica el tratamiento de los siguientes datos personalesi:<\/p>\n<ul>\n<li style=\"list-style-type: none;\">\n<ul>\n<li>datos nominativos (nombre, apellido, fecha de nacimiento, nacionalidad, sexo, c\u00f3digo de identificaci\u00f3n fiscal);<\/li>\n<li>datos de contacto (correo electr\u00f3nico, n\u00famero de tel\u00e9fono, direcci\u00f3n);<\/li>\n<li>informaci\u00f3n de pago (datos de la tarjeta de cr\u00e9dito).<\/li>\n<\/ul>\n<\/li>\n<\/ul>\n<ol start=\"5\">\n<li><b>MODALIDADES DEL TRATAMIENTO DE DATOS<\/b><\/li>\n<\/ol>\n<p>El tratamiento de sus datos se realizar\u00e1 en papel y\/o por medios electr\u00f3nicos.<\/p>\n<p>Sus datos personales ser\u00e1n tratados exclusivamente por los Responsables del Tratamiento y\/o personas autorizadas por ellos.<\/p>\n<ol start=\"6\">\n<li><b>PER\u00cdODO DE CONSERVACI\u00d3N DE LOS DATOS<\/b><\/li>\n<\/ol>\n<p>Sus datos personales ser\u00e1n conservados \u00fanicamente durante el tiempo necesario para garantizar la correcta prestaci\u00f3n de los servicios ofrecidos y, si es necesario, hasta el cumplimiento de las obligaciones legales y las derivadas de la relaci\u00f3n contractual establecida entre Usted y la Compa\u00f1\u00eda.<\/p>\n<ol start=\"7\">\n<li><b>CAR\u00c1CTER DE LA CONCESI\u00d3N DE DATOS<\/b><\/li>\n<\/ol>\n<p>La entrega de sus datos para los fines establecidos en el punto 2 letras a) y b) es opcional y no se deriva de una obligaci\u00f3n reglamentaria. Queda entendido que el hecho de no proporcionar los datos perjudicar\u00e1 la prestaci\u00f3n del servicio o el cumplimiento de las obligaciones contractuales asumidas.<\/p>\n<p>La entrega de sus datos a los efectos del punto 2, letra c), es facultativa y el rechazo a facilitarlos no perjudicar\u00e1 el establecimiento o la continuaci\u00f3n de las relaciones contractuales.<\/p>\n<ol start=\"8\">\n<li><b>CATEGOR\u00cdAS DE DESTINATARIOS <\/b><\/li>\n<\/ol>\n<p>Sus datos personales pueden ser comunicados a:<\/p>\n<ul>\n<li style=\"list-style-type: none;\">\n<ul>\n<li>terceras compa\u00f1\u00edas cuyos servicios se ofrecen o venden a trav\u00e9s del Portal \u00ab<a href=\"http:\/\/cinema.museitorino.it\"><b>cinema.museitorino.it<\/b><\/a>\u00bb (y, en particular, a las empresas o entidades organizadoras de exposiciones, espect\u00e1culos, conciertos u otro tipo de eventos cuyas entradas se venden a trav\u00e9s del Portal);<\/li>\n<li>profesionales y personal que, por necesidades organizativas y funcionales, necesiten tratar dichos datos, como, por ejemplo, las empresas que prestan servicios de ense\u00f1anza, venta de entradas, call center, recepci\u00f3n o seguridad por cuenta de los organizadores, los proveedores de servicios de contabilidad y gesti\u00f3n, los organizadores de eventos y aquellos que deban proporcionar el producto y\/o servicio solicitado y\/o reservado por el usuario;<\/li>\n<li>todos aquellos sujetos (incluidas las Administraciones P\u00fablicas) que tengan acceso a los datos personales en virtud de disposiciones normativas o administrativas.<\/li>\n<\/ul>\n<\/li>\n<\/ul>\n<p>El tratamiento de los datos personales se limitar\u00e1 a las \u00fanicas finalidades relacionadas con la prestaci\u00f3n a su favor de los servicios ofrecidos por los organizadores y los sujetos implicados en la organizaci\u00f3n de cada evento.<\/p>\n<p>Los datos recogidos no se difundir\u00e1n en ning\u00fan caso.<\/p>\n<ol start=\"9\">\n<li><b>DERECHOS DEL INTERESADO<\/b><\/li>\n<\/ol>\n<p>Como interesado, tiene derecho a solicitar en cualquier momento al Controlador de Datos el ejercicio de los derechos establecidos en los art\u00edculos 15 y siguientes del RGPD, y en particular:<\/p>\n<ul>\n<li style=\"list-style-type: none;\">\n<ul>\n<li>a solicitar la confirmaci\u00f3n de si se est\u00e1n tratando o no datos personales que le conciernen y, en caso afirmativo, a obtener acceso a los mismos;<\/li>\n<li>a obtener informaci\u00f3n sobre los fines del tratamiento, las categor\u00edas de datos personales, los destinatarios o categor\u00edas de destinatarios a los que se han comunicado o se comunicar\u00e1n los datos personales y, cuando sea posible, el per\u00edodo de conservaci\u00f3n;<\/li>\n<li>a obtener la rectificaci\u00f3n o la supresi\u00f3n de los datos;<\/li>\n<li>a obtener la restricci\u00f3n del tratamiento;<\/li>\n<li>a oponerse al tratamiento en cualquier momento;<\/li>\n<li>a obtener el derecho a la portabilidad de los datos.<\/li>\n<\/ul>\n<\/li>\n<\/ul>\n<p>Con referencia al tratamiento realizado con la finalidad mencionada en el punto 2, letra c), el interesado tiene derecho a retirar su consentimiento en cualquier momento, sin perjuicio de la legalidad del tratamiento basado en el consentimiento otorgado antes de la revocaci\u00f3n.<\/p>\n<p>Para ejercer los derechos mencionados, el interesado puede ponerse en contacto con los Controladores de Datos mencionados en el punto 1 enviando un correo electr\u00f3nico a las direcciones indicadas.<\/p>\n<p>Todo ello sin perjuicio del derecho a presentar una reclamaci\u00f3n ante la Autoridad de Protecci\u00f3n de Datos.<\/p>\n<div class=\"button-container\"><a class=\"entry-button cta-button\" href=\"https:\/\/cinema.museitorino.it\/es\/?p=12890\">Descubra m\u00e1s<\/a><\/div>","protected":false},"excerpt":{"rendered":"<p>Bozza automaticaInforme sobre el tratamiento de datos personales en virtud del art. 13 del Reg. 2016\/679 de la UE El Reglamento de la UE 2016\/679 \u00abReglamento General de Protecci\u00f3n de Datos\u00bb (RGPD) establece el derecho a la protecci\u00f3n de las personas f\u00edsicas en relaci\u00f3n con el tratamiento de datos personales. <a class=\"modal-link\" href=\"https:\/\/cinema.museitorino.it\/es\/privacy-policy\/\" data-post-id=\"3\">Leer m\u00e1s<\/a><\/p>\n","protected":false},"author":23,"featured_media":0,"parent":0,"menu_order":0,"comment_status":"closed","ping_status":"closed","template":"","meta":{"_acf_changed":false,"footnotes":"","_links_to":"","_links_to_target":""},"class_list":["post-3","page","type-page","status-publish","h-entry","hentry","h-as-page"],"acf":[],"_links":{"self":[{"href":"https:\/\/cinema.museitorino.it\/es\/wp-json\/wp\/v2\/pages\/3","targetHints":{"allow":["GET"]}}],"collection":[{"href":"https:\/\/cinema.museitorino.it\/es\/wp-json\/wp\/v2\/pages"}],"about":[{"href":"https:\/\/cinema.museitorino.it\/es\/wp-json\/wp\/v2\/types\/page"}],"author":[{"embeddable":true,"href":"https:\/\/cinema.museitorino.it\/es\/wp-json\/wp\/v2\/users\/23"}],"replies":[{"embeddable":true,"href":"https:\/\/cinema.museitorino.it\/es\/wp-json\/wp\/v2\/comments?post=3"}],"version-history":[{"count":6,"href":"https:\/\/cinema.museitorino.it\/es\/wp-json\/wp\/v2\/pages\/3\/revisions"}],"predecessor-version":[{"id":11374,"href":"https:\/\/cinema.museitorino.it\/es\/wp-json\/wp\/v2\/pages\/3\/revisions\/11374"}],"wp:attachment":[{"href":"https:\/\/cinema.museitorino.it\/es\/wp-json\/wp\/v2\/media?parent=3"}],"curies":[{"name":"wp","href":"https:\/\/api.w.org\/{rel}","templated":true}]}}