{"id":8588,"date":"2020-10-14T14:49:56","date_gmt":"2020-10-14T12:49:56","guid":{"rendered":"https:\/\/egizio.museitorino.it\/?page_id=8588"},"modified":"2026-03-12T17:51:57","modified_gmt":"2026-03-12T16:51:57","slug":"terms","status":"publish","type":"page","link":"https:\/\/cinema.museitorino.it\/es\/terms\/","title":{"rendered":"Condiciones Generales de Contrataci\u00f3n"},"content":{"rendered":"<div class=\"wpb-content-wrapper\"><h2 class=\"entry-title\">Bozza automatica<\/h2><p><\/p>\n<h3 class=\"column\">Objeto<\/h3>\n<p>Las presentes Condiciones Generales de Contrataci\u00f3n (en adelante \u00abCGC\u00bb) regulan la oferta y venta de Productos, tal y como se definen a continuaci\u00f3n (\u00abServicio\u00bb). El usuario que utilice el Servicio (en adelante \u00abCliente\u00bb) se obliga a leer atentamente y a aprobar, marcando la casilla correspondiente puesta a su disposici\u00f3n durante el proceso de compra, las presentes CGC. El Servicio es prestado por REAR Societ\u00e0 Cooperativa (en adelante REAR), con domicilio social en Tur\u00edn, Via Pietrino Belli 55, inscrita en el registro mercantil de Tur\u00edn (Registro delle Imprese) con el n\u00ba 045601300178, C\u00f3digo de Identificaci\u00f3n Fiscal 045601300178, en nombre y por cuenta del <strong>Museo Nazionale del Cinema \u2013 Fondazione Maria Adriana Prolo<\/strong> con domicilio social en Tur\u00edn, Via Montebello, n\u00ba 20, IT-10124, (en adelante el \u00abOrganizador\u00bb).<\/p>\n<p>El Servicio se prestar\u00e1 mediante un software especial propiedad de MidaTicket s.r.l. (en adelante \u00abMida\u00bb), con sede en via Casalino 27, 24121 Bergamo, C\u00f3digo de Identificaci\u00f3n Fiscal 02758170167, colocado dentro del sitio web <a href=\"http:\/\/cinema.museitorino.it\">cinema.museitorino.it<\/a> y de los sitios web indicados en cada momento por el Organizador.<\/p>\n<p>El tema del Servicio es:<\/p>\n<ol>\n<li>la compra y venta a distancia de entradas para los eventos publicados en el portal <a href=\"http:\/\/cinema.museitorino.it\">cinema.museitorino.it<\/a>, es decir, documentos, tambi\u00e9n en formato digital, emitidos por el organizador de cada evento (en adelante, el \u00abOrganizador\u00bb), que legitiman al poseedor de dichas entradas para acceder al lugar y\/o a los servicios indicados en los documentos;<\/li>\n<li>la reserva de entradas a un evento y\/o servicios, utilizables en determinadas fechas y horas, puestas a disposici\u00f3n por el Organizador;<\/li>\n<li>la compra de servicios espec\u00edficos ( ejemplo: visitas guiadas, audiogu\u00edas, etc.);<\/li>\n<li>la reserva de productos (por ejemplo: libros, cat\u00e1logos, etc.), cuya venta se concretar\u00e1 con la entrega de dichos productos;<\/li>\n<li>la compra de productos (por ejemplo: libros, cat\u00e1logos, art\u00edculos de merchandising, etc.);<\/li>\n<\/ol>\n<p>Las operaciones identificadas en los puntos 1, 2, 3, 4 y 5 de la lista mencionada, individualmente y en conjunto, se denominar\u00e1n en lo sucesivo la \u00abTransacci\u00f3n\u00bb.<\/p>\n<h3>\u00c1mbito de aplicaci\u00f3n<\/h3>\n<p>La oferta y la venta de Entradas, de los Servicios de REAR y de los Servicios del Organizador constituyen un contrato a distancia regulado por el Cap\u00edtulo I, T\u00edtulo III (art\u00edculos 45 y siguientes) del C\u00f3digo del Consumidor (\u00abCodice del Consumo\u00bb) y por el Decreto Legislativo 9 de abril de 2003, n\u00ba 70, que regula el comercio electr\u00f3nico.<\/p>\n<p>Los Productos del Organizador y los Servicios del Organizador y\/o de REAR se ofrecen a la venta \u00fanicamente a Clientes identificados como (a) consumidores (en virtud del Decreto Legislativo n\u00ba 206\/2005), es decir, cualquier persona f\u00edsica que act\u00fae con fines ajenos a cualquier actividad empresarial, comercial, artesanal o profesional; (b) mayores de edad (en virtud de las leyes de los respectivos pa\u00edses). REAR y Mida se reservan el derecho de rechazar la tramitaci\u00f3n de pedidos de personas que no sean consumidores y de cualquier otro pedido que no cumpla con las presentes Condiciones Generales. En la prestaci\u00f3n del Servicio, REAR y Mida act\u00faan en nombre del Organizador y no tienen ninguna responsabilidad en la gesti\u00f3n y organizaci\u00f3n de las ofertas y eventos culturales publicados a trav\u00e9s del portal de ventas. En este sentido, debe tenerse en cuenta que las ofertas culturales y los eventos y manifestaciones publicadas a trav\u00e9s del citado canal de venta pueden ser objeto de modificaci\u00f3n con independencia de la voluntad de REAR y de Mida, que s\u00f3lo realizan un seguimiento peri\u00f3dico de la actualizaci\u00f3n de la informaci\u00f3n publicada a instancia directa del Organizador. La publicaci\u00f3n en l\u00ednea de las presentes Condiciones Generales y la confirmaci\u00f3n de la orden de compra (en adelante, el \u00abContrato de Compra\u00bb) proporcionada por REAR y Mida al Cliente son v\u00e1lidas como \u00abconfirmaci\u00f3n del contrato celebrado en un soporte duradero\u00bb en virtud del art\u00edculo 51, p\u00e1rrafo 7 del Decreto Legislativo n\u00ba 206\/2005 (\u00abC\u00f3digo del Consumidor\u00bb).<\/p>\n<h3>Procedimiento de reserva<\/h3>\n<p>De conformidad con el Decreto Legislativo n\u00ba 70 de 9 de abril de 2003, que contiene disposiciones sobre el comercio electr\u00f3nico, REAR y Mida informan al usuario de que, para formalizar el Contrato de Compra de un Producto a trav\u00e9s del portal de ventas, el Cliente debe seleccionar el Producto y rellenar el formulario en l\u00ednea, que debe considerarse como una propuesta contractual (en adelante, el \u00abFormulario de Pedido\u00bb). El formulario de pedido consta de una p\u00e1gina de \u00abinformaci\u00f3n del cliente\u00bb que contiene datos personales y una segunda p\u00e1gina que permite al cliente proporcionar los datos de pago. El formulario de pedido incluye tambi\u00e9n las principales caracter\u00edsticas del Producto solicitado, el precio unitario (IVA incluido) y un enlace a las Condiciones del Servicio.<\/p>\n<p>Para enviar los detalles y completar el Formulario de Pedido, el Cliente debe proporcionar sus datos personales y, si es necesario, los datos de cada persona por la que tiene derecho a comprar un Billete de entrada (en adelante, el \u00abTitular del Billete\u00bb), rellenando el formulario de registro\/pedido con los datos personales mencionados. El Cliente declara y garantiza que toda la informaci\u00f3n relativa a los datos personales facilitada durante el proceso de pedido es actual, completa, exacta y verdadera. El Cliente autoriza a REAR y Mida a verificar la exactitud de los datos personales y cualquier otra informaci\u00f3n proporcionada y se compromete a cooperar con REAR y Mida durante dichas verificaciones.<\/p>\n<p>Al enviar un Formulario de Pedido a REAR y Mida, el Cliente acepta incondicionalmente y se compromete a cumplir con las disposiciones de estas CGC. El Formulario de Pedido se almacena en la base de datos de REAR y Mida durante el tiempo necesario para procesar el pedido del Cliente y durante el tiempo requerido por la ley.<\/p>\n<h3>Billetes de Entrada y eventos<\/h3>\n<p>El Cliente o cualquier persona que leg\u00edtimamente y de acuerdo con las presentes Condiciones Generales sea titular de un Billete de Entrada adquirido por el Cliente (en adelante, el \u00abTitular del Billete\u00bb) deber\u00e1 estar en posesi\u00f3n de un Billete de Entrada v\u00e1lido para poder acceder al sitio cultural y\/o utilizar los servicios ofrecidos por el Organizador o REAR (en adelante, conjuntamente, la \u00abIniciativa Cultural\u00bb). Se aplicar\u00e1n las normas aplicables al Cliente y\/o al Titular del Billete de Entrada, tal y como se han dado a conocer en relaci\u00f3n con cada Iniciativa Cultural o que sean aplicables al Cliente o a la Iniciativa Cultural.<\/p>\n<p>El Billete de Entrada debe adquirirse a trav\u00e9s del portal cinema.museitorino.it o de los diferentes portales indicados por REAR, a trav\u00e9s de diferentes redes de distribuci\u00f3n debidamente autorizadas. En el caso de que el Cliente haya comprado la entrada de terceros distintos de los indicados anteriormente, o si el billete de entrada ha sido perdido, robado, duplicado u obtenido en contra de las presentes Condiciones Generales de Contrataci\u00f3n, el Titular del Billete no podr\u00e1 ser autorizado por el Organizador de la Iniciativa Cultural a acceder al sitio de la Iniciativa Cultural, o podr\u00e1 verse obligado a abandonarlo. REAR y Mida no sustituir\u00e1n las Entradas a los eventos seleccionados entregadas al usuario, en caso de que dichas Entradas se pierdan, se deterioren, se da\u00f1en o se destruyan, o si son robadas. El Billete de Entrada no podr\u00e1 ser transferido por el Cliente a t\u00edtulo oneroso, ni podr\u00e1 ser objeto de intermediaci\u00f3n.<\/p>\n<p>REAR y Mida podr\u00e1n en todo momento, a petici\u00f3n del Organizador y\/o de las Autoridades responsables de la protecci\u00f3n del orden y de la seguridad p\u00fablica, anular un Billete de Entrada aunque ya haya sido emitido o una orden de compra ya efectuada, ya sea por razones t\u00e9cnicas y\/o organizativas o si surgen problemas en relaci\u00f3n con el pago efectivo del Billete de Entrada por parte del Cliente. REAR y Mida se reservan el derecho de rechazar o anular los pedidos que provengan (i) de un Cliente con el que tengan un litigio en curso; (ii) de un Cliente que haya violado previamente estas CGC y\/o los t\u00e9rminos y\/o condiciones del Contrato (iii) de un Cliente que haya estado implicado en un fraude de cualquier tipo y, en particular, en un fraude en el pago con tarjeta de cr\u00e9dito; (iv) de un Cliente que haya proporcionado datos de identificaci\u00f3n falsos, inventados, ficticios, incompletos o de otro modo inexactos, y\/o que haya falseado de cualquier modo la informaci\u00f3n de terceras personas.<\/p>\n<h3>Disponibilidad de Billetes de Entrada<\/h3>\n<p>En cuanto a los Billetes de Entrada que se pueden adquirir a trav\u00e9s del portal de venta, REAR y Mida se\u00f1alan y el usuario reconoce y acepta que:<\/p>\n<ol type=\"a\">\n<li>una pluralidad de usuarios puede intentar comprar la misma categor\u00eda de entradas y\/o servicios en relaci\u00f3n con la misma Iniciativa Cultural (\u00bb Mismo Billete de Entrada \u00ab) al mismo tiempo;<\/li>\n<li>al pulsar el bot\u00f3n \u00abConfirmar la reserva\u00bb se genera una solicitud al servidor REAR y Midas (\u00abServidor\u00bb);<\/li>\n<li>todas las solicitudes al Servidor generadas al pulsar el bot\u00f3n \u00abConfirmar la reserva\u00bb y relativas al mismo Billete de Entrada y\/o servicios se procesan en orden cronol\u00f3gico, seg\u00fan la hora de llegada de la solicitud al Servidor;<\/li>\n<li>la compra de la categor\u00eda de Billetes de Entrada y\/o servicios seleccionada por el usuario, mediante la pulsaci\u00f3n del bot\u00f3n \u00abConfirmar la reserva\u00bb, s\u00f3lo podr\u00e1 tener lugar si, en el momento en que la solicitud generada por la pulsaci\u00f3n de dicho bot\u00f3n llega al Servidor, la categor\u00eda de Billetes de Entrada y\/o servicios solicitada sigue estando disponible, teniendo en cuenta las acciones realizadas por otros usuarios cuya solicitud de la misma categor\u00eda de Billetes de Entrada y\/o servicios haya llegado al Servidor en un momento anterior al del usuario;<\/li>\n<li>el hecho de que, dentro de un mismo paquete de Derechos y\/o servicios que pueden ser adquiridos a trav\u00e9s del portal, una categor\u00eda de Derechos y\/o servicios que antes no estaba disponible sea posteriormente mostrada por el usuario como disponible para ser puesta en el carrito de la compra, al pulsar el bot\u00f3n correspondiente, depende de las acciones de los usuarios que han colocado el mismo Derecho y\/o servicios en el carrito de la compra y no han finalizado la compra (por ejemplo: por abandono voluntario del carrito de la compra o por expiraci\u00f3n del tiempo m\u00e1ximo para finalizar la compra, durante el cual el Billete de Entrada y\/o los servicios est\u00e1n reservados para el usuario que lo coloc\u00f3 en el carrito de la compra, o por transacci\u00f3n fallida); en este caso, de hecho, el sistema vuelve a poner a la venta el Billete de Entrada para el que no se ha completado el proceso de compra, de acuerdo con las reglas descritas m\u00e1s arriba.<\/li>\n<\/ol>\n<h3>Duraci\u00f3n de las reservas<\/h3>\n<p>El Servicio REAR permite al usuario un periodo de tiempo limitado para el pago de los Billetes de Entrada reservados (en adelante el \u00abTiempo de Reserva\u00bb). El Tiempo de Reserva se especifica en las p\u00e1ginas del Sitio dedicadas al evento y es igual a 20 minutos. Transcurrido el Tiempo de Reserva sin que el usuario haya realizado el pago de las entradas reservadas, se anular\u00e1n las reservas correspondientes y todas las plazas volver\u00e1n autom\u00e1ticamente al circuito de venta.<\/p>\n<p>Cabe se\u00f1alar que, en funci\u00f3n de los diferentes acuerdos que REAR suscriba en cada momento con el Organizador de la Iniciativa Cultural, \u00e9ste podr\u00e1 reservarse el derecho de retirar del circuito de venta en cualquier momento, a su sola discreci\u00f3n, las plazas de acceso a las Iniciativas Culturales publicadas. En tal caso, si en el momento de la retirada por parte del Organizador de la Iniciativa Cultural el usuario a\u00fan no ha completado la compra del billete de entrada correspondiente, y en consecuencia la reserva correspondiente sigue siendo v\u00e1lida de acuerdo con las presentes condiciones generales de uso del Servicio, al no haber expirado a\u00fan el Periodo de Reserva, ya no ser\u00e1 posible recuperar la reserva, aunque sea v\u00e1lida, y el billete de entrada correspondiente no podr\u00e1 ser emitido por REAR, sin que REAR sea en ning\u00fan caso responsable de ello.<\/p>\n<h3>Instrumentos de pago<\/h3>\n<p>Pago de los Billetes de Entrada adquiridos mediante tarjetas de cr\u00e9dito pertenecientes a los circuitos VISA, VISA ELECTRON, MASTERCARD, DINERS, JCB, MAESTRO, UNIONPAY: las tarjetas de cr\u00e9dito aceptadas se indican en la etapa \u00abOpciones de pago\u00bb del proceso de compra. El importe total que el usuario debe a REAR se carga en el momento de la transmisi\u00f3n de la orden.<\/p>\n<p>REAR y Mida se reservan el derecho de aplicar, por razones de seguridad o a criterio del Organizador, limitaciones y exclusiones a los instrumentos de pago que puede utilizar el Cliente para el pago de los Billetes de Entrada.<\/p>\n<p>El pago se realiza a trav\u00e9s de un servicio de pago seguro que utiliza el protocolo de seguridad TLS. Los datos confidenciales de la tarjeta de cr\u00e9dito (n\u00famero de tarjeta, titular, fecha de caducidad, c\u00f3digo de seguridad) se encriptan y se transmiten as\u00ed a Nexi (proveedor de servicios de pago) y, eventualmente, a Paypal o a otros proveedores de servicios de pago disponibles ocasionalmente en el portal de ventas, sin que terceros tengan acceso a ellos. Por lo tanto, REAR y Mida nunca tienen acceso y no almacenan los datos de la tarjeta de cr\u00e9dito utilizada por el Cliente para el pago de los Billetes de Entrada, excepto para completar el procedimiento relativo a la compra o para realizar reembolsos en caso de cancelaciones, de acuerdo con el ejercicio del derecho de rescisi\u00f3n, o para denunciar casos de fraude a las autoridades policiales.<\/p>\n<p>En caso de resoluci\u00f3n del Contrato de compra y en cualquier otro caso de reembolso, por cualquier motivo, el importe del reembolso se abonar\u00e1 en el mismo medio de pago utilizado por el Cliente para la transacci\u00f3n inicial; si esto no es posible, el reembolso se realizar\u00e1 mediante transferencia bancaria. REAR solicitar\u00e1 al Cliente los datos bancarios necesarios para realizar el reembolso.<\/p>\n<h3>Precio de los Billetes de Entrada<\/h3>\n<p>El precio de los Billetes de Entrada es el precio comunicado por el Organizador y conocido por REAR y Mida en el momento de cerrar la transacci\u00f3n de compra del Billete de Entrada por parte del Cliente. Cualquier precio inferior que, despu\u00e9s de la compra del Cliente, pueda ser aplicado por el Organizador a Billetes de Entrada del mismo tipo o con respecto a Iniciativas Culturales que se celebren en una fecha determinada, no dar\u00e1 derecho al Cliente al reembolso de la diferencia. El precio de los Billetes de Entrada es el que figura en el propio Billete de Entrada, con inclusi\u00f3n de las tarifas de preventa aplicadas por el Organizador.<\/p>\n<p>El precio de los Billetes de Entrada, as\u00ed como los gastos de servicio y cualquier otro precio que aparezca en el Sitio debe entenderse que incluye el IVA aplicable.<\/p>\n<h3>M\u00e9todos de entrega de los Billetes de Entrada<\/h3>\n<p>Los Billetes de Entrada y\/o servicios adquiridos se entregan al cliente en formato de entrada r\u00e1pida &#8211; print@home y pueden ser presentados por el Titular del Billete en copia impresa o en formato digital.<\/p>\n<p>El sistema de control de acceso s\u00f3lo autorizar\u00e1 el acceso de 1 Billete de Entrada equivalente a 1 c\u00f3digo QR. Las fotocopias y\/o fraudes derivados del uso indebido de los mismos ser\u00e1n perseguibles conforme a la ley y no ser\u00e1n imputables a REAR y Mida ni al Organizador. El Organizador no permitir\u00e1 en ning\u00fan caso el acceso a ning\u00fan duplicado de los Billetes de Entrada.<\/p>\n<h3>Conclusi\u00f3n de la venta<\/h3>\n<p>Se considera que un pedido ha sido presentado cuando REAR y Mida reciben el Formulario de Pedido electr\u00f3nicamente y la informaci\u00f3n indicada en el mismo es verificada y considerada correcta. El contrato se considera concluido cuando &#8211; a cambio del pago autorizado a trav\u00e9s del portal de ventas &#8211; REAR y Mida entregan el Ticket R\u00e1pido &#8211; print@home al Cliente.<\/p>\n<h3>Facturaci\u00f3n<\/h3>\n<p>A cambio de cada pago efectuado directamente en la cuenta bancaria de REAR, \u00e9sta emitir\u00e1 una factura o recibo de pago que contenga la indicaci\u00f3n y el detalle de las sumas percibidas por cuenta del Organizador y los honorarios por servicios pagados directamente a REAR o, en el caso de la compra de los Servicios de REAR, las sumas percibidas por REAR en su propio nombre. De conformidad con lo dispuesto en el art\u00edculo 7-ter del Decreto Legislativo n\u00ba 633\/72, el IVA se aplica en la factura tanto a las personas residentes a efectos fiscales en Italia como a los consumidores no residentes a efectos fiscales en Italia.<\/p>\n<h3>Derecho de rescisi\u00f3n<\/h3>\n<p>En virtud del art\u00edculo 55, apartado 1, letra b), del Decreto Legislativo n\u00ba 206 de 6 de octubre de 2005 (el llamado \u00abCodice del Consumo\u00bb), el derecho de rescisi\u00f3n contemplado en los art\u00edculos 64 y siguientes del mismo C\u00f3digo del Consumo no es aplicable a las transacciones realizadas a trav\u00e9s del Servicio. Por lo tanto, una vez realizada la transacci\u00f3n, no es posible anular la compra ni obtener la devoluci\u00f3n del precio nominal.<\/p>\n<p>Solo en el caso de la compra de productos, el consumidor dispone de un plazo de 14 d\u00edas para rescindir el contrato de compra, de conformidad con el art\u00edculo 52 del Decreto Legislativo n\u00ba 206\/2005, sin tener que aportar ning\u00fan motivo. El plazo de desistimiento finaliza 14 d\u00edas despu\u00e9s de la recepci\u00f3n de los productos por parte del consumidor. Los gastos de devoluci\u00f3n de dichos productos correr\u00e1n a cargo del consumidor, que deber\u00e1 enviarlos por correo a la direcci\u00f3n indicada por REAR en un plazo de 14 d\u00edas tras el env\u00edo a REAR del formulario en el que declara acogerse al derecho de rescisi\u00f3n. El consumidor informa a REAR de su decisi\u00f3n de ejercer el derecho de rescisi\u00f3n del contrato rellenando el formulario de rescisi\u00f3n y envi\u00e1ndolo por correo electr\u00f3nico a amministrazione@museitorino.it. El derecho de rescisi\u00f3n se ejerce v\u00e1lidamente si la comunicaci\u00f3n relativa a su ejercicio es enviada por el consumidor dentro de los 14 d\u00edas siguientes a la adquisici\u00f3n de la posesi\u00f3n de los productos.<\/p>\n<h3>Iniciativa cultural aplazada o cancelada<\/h3>\n<p>En caso de aplazamiento o cancelaci\u00f3n de la Iniciativa Cultural por parte del Organizador, REAR y Mida, como partes que act\u00faan en nombre y por cuenta del Organizador en relaci\u00f3n con la venta de entradas, no podr\u00e1n ser considerados responsables en ning\u00fan caso. REAR y Mida informar\u00e1n al Cliente, en nombre y por cuenta del Organizador, de las iniciativas tomadas por el Organizador en relaci\u00f3n con el reembolso o la sustituci\u00f3n de los Billetes de Entrada relativos a la Iniciativa Cultural aplazada o cancelada, entendi\u00e9ndose que el Organizador ser\u00e1 el \u00fanico responsable de decidir sobre dichas iniciativas.<\/p>\n<p>En caso de cancelaci\u00f3n de la Iniciativa Cultural, REAR y Mida se encargar\u00e1n del reembolso al Cliente, seg\u00fan los procedimientos y plazos que decida el Organizador, s\u00f3lo en el caso de que REAR y Mida hayan sido espec\u00edficamente delegados para dicho reembolso y en la medida en que hayan recibido los fondos necesarios de \u00e9ste. En cualquier caso de cancelaci\u00f3n y\/o aplazamiento de la Iniciativa Cultural, el Cliente podr\u00e1 seguir dirigi\u00e9ndose al Organizador para hacer valer todos sus derechos frente a \u00e9ste.<\/p>\n<h3>Limitaciones de responsabilidad<\/h3>\n<p>Salvo en caso de dolo o negligencia grave, REAR y Mida no podr\u00e1n ser considerados responsables de los gastos y da\u00f1os, directos o indirectos, de cualquier naturaleza, sufridos por el Cliente en relaci\u00f3n con la venta de Billetes de Entrada.<\/p>\n<p>REAR y el Mida no pueden de ninguna manera considerarse responsables de cualquier inconveniente, molestia o ineficacia que sufran los Clientes por hechos debidos al Organizador del Evento, ni tampoco de los cambios en la programaci\u00f3n de las Iniciativas Culturales publicadas a trav\u00e9s del portal de ventas, por lo que se recomienda siempre consultar los eventos programados directamente en la p\u00e1gina web oficial del Organizador. REAR y Mida no son responsables del tipo de plazas puestas a la venta por el Organizador y no garantizan que los Billetes de Entrada que puedan ser adquiridos a trav\u00e9s de sus canales de venta representen, para cada tipo, los mejores disponibles en el momento de la compra por parte del Cliente o que no puedan ponerse a la venta mejores plazas por parte del Organizador con posterioridad.<\/p>\n<h3>Prohibiciones<\/h3>\n<p>Los Billetes de Entrada no podr\u00e1n ser utilizados con fines pol\u00edticos, comerciales, publicitarios o promocionales de otro tipo (como, por ejemplo, como premios en concursos o loter\u00edas), salvo con la autorizaci\u00f3n previa y por escrito del Organizador de la Iniciativa Cultural y\/o, si el Organizador de la Iniciativa Cultural lo autoriza, de REAR y Mida. Cualquier Cliente que utilice los Billetes de Entrada infringiendo esta disposici\u00f3n ser\u00e1 responsable de los da\u00f1os causados por su conducta y podr\u00e1 ser llevado a juicio.<\/p>\n<h3>General<\/h3>\n<p>Si alguna de las disposiciones de las presentes Condiciones Generales fuera considerada ilegal, inv\u00e1lida, ineficaz o contraria a la ley como resultado de una decisi\u00f3n definitiva de un tribunal de jurisdicci\u00f3n competente, dicha disposici\u00f3n ser\u00e1 eliminada, y todas las dem\u00e1s disposiciones de las presentes Condiciones Generales se considerar\u00e1n plenamente eficaces y v\u00e1lidas.<\/p>\n<p>En todos los casos en los que el usuario del Servicio no sea un consumidor, cualquier disputa relativa a la validez, interpretaci\u00f3n, ejecuci\u00f3n y\/o terminaci\u00f3n de los actos legalmente relevantes relacionados con el uso del Servicio ser\u00e1 diferida a la jurisdicci\u00f3n exclusiva del Tribunal de Tur\u00edn. Las presentes CGC, las diferentes prescripciones indicadas en las etapas del proceso de venta a distancia, cuando sean aplicables, y las advertencias que figuran en el Billete de Entrada constituyen la totalidad del acuerdo contractual entre el Cliente y REAR.<\/p>\n<p>En caso de conflicto entre las disposiciones de estas CGC, publicadas en lengua italiana, y el texto correspondiente publicado por REAR y Mida en espa\u00f1ol, as\u00ed como en caso de conflicto entre la versi\u00f3n italiana y la versi\u00f3n espa\u00f1ola de cualquier otro contenido del Contrato, prevalecer\u00e1 la versi\u00f3n en lengua italiana.<\/p>\n<div class=\"button-container\"><a class=\"entry-button cta-button\" href=\"https:\/\/cinema.museitorino.it\/es\/?p=12890\">Descubra m\u00e1s<\/a><\/div><\/div>","protected":false},"excerpt":{"rendered":"<p>Bozza automatica Objeto Las presentes Condiciones Generales de Contrataci\u00f3n (en adelante \u00abCGC\u00bb) regulan la oferta y venta de Productos, tal y como se definen a continuaci\u00f3n (\u00abServicio\u00bb). El usuario que utilice el Servicio (en adelante \u00abCliente\u00bb) se obliga a leer atentamente y a aprobar, marcando la casilla correspondiente puesta a <a class=\"modal-link\" href=\"https:\/\/cinema.museitorino.it\/es\/terms\/\" data-post-id=\"8588\">Leer m\u00e1s<\/a><\/p>\n","protected":false},"author":23,"featured_media":0,"parent":0,"menu_order":0,"comment_status":"closed","ping_status":"closed","template":"","meta":{"_acf_changed":false,"footnotes":"","_links_to":"","_links_to_target":""},"class_list":["post-8588","page","type-page","status-publish","h-entry","hentry","h-as-page"],"acf":[],"_links":{"self":[{"href":"https:\/\/cinema.museitorino.it\/es\/wp-json\/wp\/v2\/pages\/8588","targetHints":{"allow":["GET"]}}],"collection":[{"href":"https:\/\/cinema.museitorino.it\/es\/wp-json\/wp\/v2\/pages"}],"about":[{"href":"https:\/\/cinema.museitorino.it\/es\/wp-json\/wp\/v2\/types\/page"}],"author":[{"embeddable":true,"href":"https:\/\/cinema.museitorino.it\/es\/wp-json\/wp\/v2\/users\/23"}],"replies":[{"embeddable":true,"href":"https:\/\/cinema.museitorino.it\/es\/wp-json\/wp\/v2\/comments?post=8588"}],"version-history":[{"count":6,"href":"https:\/\/cinema.museitorino.it\/es\/wp-json\/wp\/v2\/pages\/8588\/revisions"}],"predecessor-version":[{"id":12773,"href":"https:\/\/cinema.museitorino.it\/es\/wp-json\/wp\/v2\/pages\/8588\/revisions\/12773"}],"wp:attachment":[{"href":"https:\/\/cinema.museitorino.it\/es\/wp-json\/wp\/v2\/media?parent=8588"}],"curies":[{"name":"wp","href":"https:\/\/api.w.org\/{rel}","templated":true}]}}