{"id":9122,"date":"2021-02-12T18:48:39","date_gmt":"2021-02-12T17:48:39","guid":{"rendered":"https:\/\/cinema.museitorino.it\/?page_id=9122"},"modified":"2023-04-13T08:39:17","modified_gmt":"2023-04-13T06:39:17","slug":"contattaci","status":"publish","type":"page","link":"https:\/\/cinema.museitorino.it\/es\/contattaci\/","title":{"rendered":"P\u00f3ngase en contacto con nosotros"},"content":{"rendered":"<h2 class=\"entry-title\">Bozza automatica<\/h2><p>\n<div class=\"wpcf7 no-js\" id=\"wpcf7-f10045-o3\" lang=\"en-US\" dir=\"ltr\" data-wpcf7-id=\"10045\">\n<div class=\"screen-reader-response\"><p role=\"status\" aria-live=\"polite\" aria-atomic=\"true\"><\/p> <ul><\/ul><\/div>\n<form action=\"\/es\/wp-json\/wp\/v2\/pages\/9122#wpcf7-f10045-o3\" method=\"post\" class=\"wpcf7-form init\" aria-label=\"Contact form\" novalidate=\"novalidate\" data-status=\"init\">\n<fieldset class=\"hidden-fields-container\"><input type=\"hidden\" name=\"_wpcf7\" value=\"10045\" \/><input type=\"hidden\" name=\"_wpcf7_version\" value=\"6.1.5\" \/><input type=\"hidden\" name=\"_wpcf7_locale\" value=\"en_US\" \/><input type=\"hidden\" name=\"_wpcf7_unit_tag\" value=\"wpcf7-f10045-o3\" \/><input type=\"hidden\" name=\"_wpcf7_container_post\" value=\"0\" \/><input type=\"hidden\" name=\"_wpcf7_posted_data_hash\" value=\"\" \/><input type=\"hidden\" name=\"_wpcf7_recaptcha_response\" value=\"\" \/>\n<\/fieldset>\n<p><label> Nombre<br \/>\n<span class=\"wpcf7-form-control-wrap\" data-name=\"issuer_name\"><input size=\"40\" maxlength=\"400\" class=\"wpcf7-form-control wpcf7-text wpcf7-validates-as-required\" aria-required=\"true\" aria-invalid=\"false\" value=\"\" type=\"text\" name=\"issuer_name\" \/><\/span> <\/label>\n<\/p>\n<p><label> Correo electr\u00f3nico<br \/>\n<span class=\"wpcf7-form-control-wrap\" data-name=\"email\"><input size=\"40\" maxlength=\"400\" class=\"wpcf7-form-control wpcf7-email wpcf7-validates-as-required wpcf7-text wpcf7-validates-as-email\" aria-required=\"true\" aria-invalid=\"false\" value=\"\" type=\"email\" name=\"email\" \/><\/span> <\/label>\n<\/p>\n<p><label> C\u00f3digo de reserva<br \/>\n<span class=\"wpcf7-form-control-wrap\" data-name=\"subject\"><input size=\"40\" maxlength=\"400\" class=\"wpcf7-form-control wpcf7-text\" aria-invalid=\"false\" value=\"\" type=\"text\" name=\"subject\" \/><\/span> <\/label>\n<\/p>\n<p><label> Motivo de la solicitud <\/label><br \/>\n<span class=\"wpcf7-form-control-wrap\" data-name=\"issue_type\"><span class=\"wpcf7-form-control wpcf7-radio\"><span class=\"wpcf7-list-item first\"><label><input type=\"radio\" name=\"issue_type\" value=\"Solicitud de informaci\u00f3n\" checked=\"checked\" \/><span class=\"wpcf7-list-item-label\">Solicitud de informaci\u00f3n<\/span><\/label><\/span><span class=\"wpcf7-list-item last\"><label><input type=\"radio\" name=\"issue_type\" value=\"Soporte t\u00e9cnico\" \/><span class=\"wpcf7-list-item-label\">Soporte t\u00e9cnico<\/span><\/label><\/span><\/span><\/span>\n<\/p>\n<p><label> Mensaje<br \/>\n<span class=\"wpcf7-form-control-wrap\" data-name=\"message\"><textarea cols=\"40\" rows=\"10\" maxlength=\"2000\" class=\"wpcf7-form-control wpcf7-textarea\" aria-invalid=\"false\" name=\"message\"><\/textarea><\/span> <\/label>\n<\/p>\n<p><input class=\"wpcf7-form-control wpcf7-submit has-spinner\" type=\"submit\" value=\"Enviar\" \/>\n<\/p><div class=\"wpcf7-response-output\" aria-hidden=\"true\"><\/div>\n<\/form>\n<\/div>\n<\/p>\n<div class=\"button-container\"><a class=\"entry-button cta-button\" href=\"https:\/\/cinema.museitorino.it\/es\/?p=12890\">Descubra m\u00e1s<\/a><\/div>","protected":false},"excerpt":{"rendered":"Nombre Correo electr\u00f3nico C\u00f3digo de reserva Motivo de la solicitud Solicitud de informaci\u00f3nSoporte t\u00e9cnico Mensaje","protected":false},"author":23,"featured_media":0,"parent":0,"menu_order":0,"comment_status":"closed","ping_status":"closed","template":"","meta":{"_acf_changed":false,"footnotes":"","_links_to":"","_links_to_target":""},"class_list":["post-9122","page","type-page","status-publish","h-entry","hentry","h-as-page"],"acf":[],"_links":{"self":[{"href":"https:\/\/cinema.museitorino.it\/es\/wp-json\/wp\/v2\/pages\/9122","targetHints":{"allow":["GET"]}}],"collection":[{"href":"https:\/\/cinema.museitorino.it\/es\/wp-json\/wp\/v2\/pages"}],"about":[{"href":"https:\/\/cinema.museitorino.it\/es\/wp-json\/wp\/v2\/types\/page"}],"author":[{"embeddable":true,"href":"https:\/\/cinema.museitorino.it\/es\/wp-json\/wp\/v2\/users\/23"}],"replies":[{"embeddable":true,"href":"https:\/\/cinema.museitorino.it\/es\/wp-json\/wp\/v2\/comments?post=9122"}],"version-history":[{"count":5,"href":"https:\/\/cinema.museitorino.it\/es\/wp-json\/wp\/v2\/pages\/9122\/revisions"}],"predecessor-version":[{"id":10046,"href":"https:\/\/cinema.museitorino.it\/es\/wp-json\/wp\/v2\/pages\/9122\/revisions\/10046"}],"wp:attachment":[{"href":"https:\/\/cinema.museitorino.it\/es\/wp-json\/wp\/v2\/media?parent=9122"}],"curies":[{"name":"wp","href":"https:\/\/api.w.org\/{rel}","templated":true}]}}