{"id":9136,"date":"2021-02-13T01:49:15","date_gmt":"2021-02-13T00:49:15","guid":{"rendered":"https:\/\/cinema.museitorino.it\/?page_id=9136"},"modified":"2023-08-17T10:30:24","modified_gmt":"2023-08-17T08:30:24","slug":"cookie-policy","status":"publish","type":"page","link":"https:\/\/cinema.museitorino.it\/es\/cookie-policy\/","title":{"rendered":"Cookie Policy"},"content":{"rendered":"<h2 class=\"entry-title\">Bozza automatica<\/h2><p><\/p>\n<h2>Informe para la p\u00e1gina web cinema.museitorino.it<\/h2>\n<p> <i>Art\u00edculos 13-14 del Reg. UE 2016\/679<\/i><\/p>\n<p> El informe es una obligaci\u00f3n general que debe cumplirse antes o, a m\u00e1s tardar, en el momento de iniciar la recogida directa de datos personales. En el caso de los datos personales que no se recojan directamente del interesado, el informe debe facilitarse en un plazo razonable, o en el momento de la comunicaci\u00f3n (no del registro) de los datos (a terceros o al interesado). De acuerdo con el Reglamento General de Protecci\u00f3n de Datos de personas f\u00edsicas (RGPD &#8211; Reg.(UE)2016\/679), la organizaci\u00f3n abajo firmante, responsable del tratamiento, informa de lo siguiente:<\/p>\n<p> <b>FUENTES Y CATEGOR\u00cdAS DE DATOS PERSONALES<\/b><\/p>\n<p> Los datos personales que posee la organizaci\u00f3n suscribiente se recogen directamente de los interesados. Esta p\u00e1gina no recoge tambi\u00e9n datos sensibles, entendiendo por tales aquellos que puedan revelar el origen racial o \u00e9tnico, las creencias religiosas, filos\u00f3ficas o de otro tipo, las opiniones pol\u00edticas, la pertenencia a sindicatos, asociaciones u organizaciones de car\u00e1cter religioso, filos\u00f3fico, pol\u00edtico o sindical, el estado de salud y la vida sexual.<\/p>\n<p> <u>Datos de navegaci\u00f3n<\/u><\/p>\n<p> Los sistemas inform\u00e1ticos y los procedimientos de software utilizados para el funcionamiento del sitio web adquieren, durante su operaci\u00f3n normal, ciertos datos personales cuya transmisi\u00f3n est\u00e1 impl\u00edcita en el uso de los protocolos de comunicaci\u00f3n de Internet. Esta informaci\u00f3n no se recoge para ser asociada a interesados identificados, pero por su propia naturaleza podr\u00eda, a trav\u00e9s del tratamiento y asociaci\u00f3n con datos en poder de terceros, permitir la identificaci\u00f3n de los usuarios. Esta categor\u00eda de datos incluye las direcciones IP o los nombres de dominio de los ordenadores utilizados por los usuarios que se conectan al sitio, las direcciones en notaci\u00f3n URI (Uniform Resource Identifier) de los recursos solicitados, el horario de la solicitud, el m\u00e9todo utilizado para someter la solicitud al servidor, el tama\u00f1o del archivo obtenido como respuesta, el c\u00f3digo num\u00e9rico que indica el estado de la respuesta dada por el servidor (\u00e9xito, error, etc.) y otros par\u00e1metros relativos al sistema operativo y el entorno inform\u00e1tico del usuario. Estos datos son utilizados con el \u00fanico fin de obtener informaci\u00f3n estad\u00edstica an\u00f3nima sobre el uso del sitio y para comprobar su funcionamiento regular, y se eliminan inmediatamente despu\u00e9s de su tratamiento. Los datos podr\u00edan utilizarse para determinar la responsabilidad en caso de hipot\u00e9ticos delitos inform\u00e1ticos con da\u00f1os al sitio.<\/p>\n<p> <u>Datos de perfil<\/u><\/p>\n<p> No se adquiere directamente ning\u00fan dato de perfil sobre los h\u00e1bitos o las elecciones de consumo del interesado. Sin embargo, es posible que a trav\u00e9s de enlaces o mediante la incorporaci\u00f3n de elementos de terceros, dicha informaci\u00f3n sea adquirida por entidades aut\u00f3nomas o separadas. V\u00e9ase a este respecto el apartado de Cookies de terceros.<\/p>\n<p> <u>Cookies<\/u><\/p>\n<p> Al igual que otros, este sitio web guarda cookies en el navegador utilizado por el usuario para transmitirle informaci\u00f3n de car\u00e1cter personal y mejorar su experiencia. En efecto, las cookies son peque\u00f1as cadenas de texto que los sitios visitados por el usuario env\u00edan a su terminal (generalmente al navegador), donde se almacenan, a veces incluso con amplia persistencia temporal, para ser luego retransmitidas a los mismos sitios en la visita siguiente.<\/p>\n<p> Como se explica a continuaci\u00f3n, es posible elegir si desea aceptar las cookies y cu\u00e1les, teniendo en cuenta que rechazar su uso puede afectar a la capacidad de realizar determinadas transacciones en el sitio o a la exactitud y adecuaci\u00f3n de ciertos contenidos personalizables propuestos o a la capacidad de reconocer al usuario de una visita a otra. Si no hace ninguna elecci\u00f3n al respecto, se aplicar\u00e1 la configuraci\u00f3n predeterminada y se activar\u00e1n todas las cookies: no obstante, en cualquier momento podr\u00e1 comunicar o modificar sus decisiones sobre el tema.<\/p>\n<p> <u>Cookies t\u00e9cnicas<\/u><\/p>\n<p> En particular, utilizamos las llamadas cookies de sesi\u00f3n, que no se almacenan de forma persistente en el ordenador del usuario y desaparecen cuando se cierra el navegador, y cuyo uso se limita estrictamente a la transmisi\u00f3n de identificadores de sesi\u00f3n (consistentes en n\u00fameros aleatorios generados por el servidor) necesarios para permitir la exploraci\u00f3n segura y eficiente del sitio y que evitan el uso de otras t\u00e9cnicas inform\u00e1ticas que podr\u00edan perjudicar la confidencialidad de la navegaci\u00f3n de los usuarios y no permiten la adquisici\u00f3n de datos personales que identifiquen al usuario. Luego utilizamos cookies anal\u00edticas que nos ayudan a entender c\u00f3mo interact\u00faan los visitantes con el contenido del sitio, recopilando informaci\u00f3n (origen geogr\u00e1fico y web, tecnolog\u00eda utilizada, idioma, p\u00e1ginas de entrada, p\u00e1ginas visitadas, p\u00e1ginas de salida, tiempos de permanencia, etc.) y generando estad\u00edsticas de uso del sitio web sin identificar personalmente a los visitantes individuales. Todas estas deben considerarse <u>cookies t\u00e9cnicas<\/u> para las que, al no ser necesario dar el consentimiento, se aplica el mecanismo de exclusi\u00f3n voluntaria. Las cookies t\u00e9cnicas no se divulgan a terceros ya que son necesarias o \u00fatiles para el funcionamiento del sitio; por lo tanto, s\u00f3lo son tratadas por personas calificadas como procesadores, controladores o administradores del sistema.<\/p>\n<p> <u>Cookies de terceros<\/u><\/p>\n<p> Por \u00faltimo, el sitio no incorpora cookies ni otros elementos (etiquetas, p\u00edxeles, etc.) de terceros (aut\u00f3nomos y sobre los que el Responsable del Tratamiento no tiene ninguna responsabilidad) que tambi\u00e9n realicen actividades de elaboraci\u00f3n de perfiles..<\/p>\n<p> <u>Datos proporcionados voluntariamente por el usuario<\/u><\/p>\n<p> El env\u00edo opcional, expl\u00edcito y voluntario de correo electr\u00f3nico a las direcciones indicadas en este sitio conlleva la sucesiva adquisici\u00f3n de la direcci\u00f3n del remitente, necesaria para responder a las solicitudes, as\u00ed como de cualquier otro dato personal incluido en el correo electr\u00f3nico. El env\u00edo expl\u00edcito y voluntario de los formularios que se pueden rellenar en la p\u00e1gina web y que contienen datos del interesado tambi\u00e9n conlleva un tratamiento para cumplir con las obligaciones precontractuales o para realizar los servicios estipulados con el env\u00edo de los formularios. Dicha informaci\u00f3n en los formularios puede referirse a datos personales, datos de contacto, n\u00fameros de tel\u00e9fono, direcciones de correo electr\u00f3nico de los interesados y de terceros identificados e identificables que est\u00e9n relacionados con el usuario del sitio. De todas formas, se incluir\u00e1n o visualizar\u00e1n progresivamente declaraciones espec\u00edficas de s\u00edntesis en las p\u00e1ginas del sitio predispuestas para particulares servicios a petici\u00f3n.<\/p>\n<p> <b>FINALIDAD Y BASES JUR\u00cdDICAS DEL TRATAMIENTO<\/b><\/p>\n<p> Los datos personales son utilizados (ref. art. 6(b) del RGPD):<\/p>\n<ol type=\"a\">\n<li>para permitir la navegaci\u00f3n por el sitio web y<\/li>\n<li>para ejecutar eventualmente el servicio o la prestaci\u00f3n solicitada como parte de la actividad normal desarrollada por la organizaci\u00f3n suscribiente.<\/li>\n<li>Adem\u00e1s, todos los datos personales pueden ser tratados:<\/li>\n<li>para fines relacionados con las obligaciones previstas por la ley, as\u00ed como por las disposiciones dictadas por las autoridades facultadas para ello por la ley (ref. art. 6(c) y 9(b,g,h) del RGPD);<\/li>\n<li>para el establecimiento, el ejercicio o la defensa de un derecho en procedimientos judiciales y extrajudiciales (inter\u00e9s leg\u00edtimo) de la organizaci\u00f3n abajo firmante (ref. art. 6(f) y 9(f) del RGPD);<\/li>\n<li>para fines de marketing directo, seg\u00fan el inter\u00e9s leg\u00edtimo del Titular en particular; para las cookies, los identificadores de publicidad utilizados para mostrar anuncios publicitarios; para las direcciones de correo electr\u00f3nico para enviar el bolet\u00edn informativo; para los registros de navegaci\u00f3n y uso para proteger el sitio y el servicio de los ciberataques; en estos casos, el interesado siempre puede negar el consentimiento para que el Controlador de Datos se abstenga de procesarlos (ref. art. 6(f) del RGPD);<\/li>\n<\/ol>\n<p> <b>CONSECUENCIAS DEL RECHAZO A APORTAR DATOS<\/b><\/p>\n<p> El aporte de los datos es opcional pero indispensable para que puedan ser tratados para los fines establecidos en las letras a) y b). En el caso de que los interesados no comuniquen sus datos imprescindibles y no permitan el tratamiento, no se podr\u00e1 proceder a la realizaci\u00f3n e implementaci\u00f3n de los servicios propuestos y dar cumplimiento a las obligaciones contractuales asumidas, con el consiguiente perjuicio para el correcto cumplimiento de las obligaciones normativas, tales como las contables, fiscales, administrativas, etc..<\/p>\n<p> <i>Excepto lo especificado anteriormente sobre los datos de navegaci\u00f3n, el usuario es libre de proporcionar datos personales para las cookies y solicitudes espec\u00edficas a trav\u00e9s de formularios, por ejemplo, sobre productos y\/o servicios. El hecho de no proporcionarlos puede suponer la imposibilidad de obtener lo solicitado. <\/i>Para todos los datos no esenciales, la concesi\u00f3n es opcional. La falta de consentimiento o el suministro incompleto o incorrecto de determinados datos puede dar lugar a que el cumplimiento de las tareas solicitadas sea tan incompleto que cause perjuicios o en t\u00e9rminos de sanciones o p\u00e9rdida de beneficios, tanto por la imposibilidad de garantizar la congruencia del mismo tratamiento con las obligaciones para las que se lleva a cabo, como por el hecho de que los resultados del mismo tratamiento pueden no corresponder a las obligaciones impuestas por las leyes a las que se dirige, quedando la organizaci\u00f3n firmante exenta de toda responsabilidad por cualquier sanci\u00f3n o medida aflictiva.<\/p>\n<p> <b>MODALIDADES DEL TRATAMIENTO DE DATOS<\/b><\/p>\n<p> Los tratamientos relacionados con los servicios web del sitio se procesan mediante herramientas automatizadas durante el tiempo estrictamente necesario para lograr los fines para los que se recogieron; tienen lugar en el servidor de Italia o de la UE y son tratados \u00fanicamente por el personal t\u00e9cnico encargado del tratamiento, o por las personas encargadas de las operaciones de mantenimiento y administraci\u00f3n. Se observan medidas de seguridad espec\u00edficas para evitar la p\u00e9rdida de datos, el uso il\u00edcito o incorrecto y el acceso no autorizado y la p\u00e9rdida de confidencialidad. La estructura est\u00e1 equipada con dispositivos anti-intrusi\u00f3n, cortafuegos, recuperaci\u00f3n de registro y recuperaci\u00f3n ante desastres. Se utilizan mecanismos espec\u00edficos de encriptaci\u00f3n y segregaci\u00f3n de datos y de autenticaci\u00f3n y autorizaci\u00f3n de los usuarios.<\/p>\n<p> Se entiende por tratamiento de datos la recogida, el registro, la organizaci\u00f3n, el almacenamiento, el tratamiento, la modificaci\u00f3n, la cancelaci\u00f3n y la destrucci\u00f3n de datos o la combinaci\u00f3n de dos o m\u00e1s de estas operaciones. En relaci\u00f3n con las finalidades mencionadas, el tratamiento de los datos personales se realiza mediante instrumentos manuales, inform\u00e1ticos y telem\u00e1ticos, con l\u00f3gicas estrictamente relacionadas con las mismas finalidades y, en cualquier caso, con el fin de garantizar la seguridad y la confidencialidad de los datos personales, por lo tanto, se procesar\u00e1 de acuerdo con los m\u00e9todos indicados. en el art. 5 Reg. UE 2016\/679, que prev\u00e9, entre otras cosas, que los datos se traten de forma l\u00edcita y leal, se recojan y registren con fines determinados, expl\u00edcitos y leg\u00edtimos, exactos y, si es necesario, actualizados, y pertinentes, completos y no excesivos en relaci\u00f3n con los fines del tratamiento, respetando los derechos y las libertades fundamentales, as\u00ed como la dignidad del interesado con especial referencia a la confidencialidad y a la identidad personal, mediante medidas de protecci\u00f3n y seguridad. La organizaci\u00f3n firmante ha establecido y seguir\u00e1 mejorando el sistema de seguridad para el acceso y el almacenamiento de datos..<\/p>\n<p> No se lleva a cabo ninguna toma de decisiones automatizada (por ejemplo, elaboraci\u00f3n de perfiles).<\/p>\n<p> <b>TRANSFERENCIA DE DATOS FUERA DE LA UE<\/b><\/p>\n<p> El tratamiento tiene lugar en pa\u00edses no pertenecientes a la UE ni al EEE cuando las conexiones al sitio se originan en esos pa\u00edses (a petici\u00f3n del sujeto de los datos situado en esos pa\u00edses).<\/p>\n<p> <b>DURACI\u00d3N DEL ALMACENAMIENTO<\/b><\/p>\n<p> Los datos personales se conservar\u00e1n, en general, mientras persistan las finalidades del tratamiento seg\u00fan la categor\u00eda de los datos tratado.<\/p>\n<p> <b>CATEGOR\u00cdAS DE DESTINATARIOS<\/b><\/p>\n<p> Los datos (s\u00f3lo los indispensables) se comunican<\/p>\n<ul>\n<li>a los encargados y procesadores de datos, tanto internos de la organizaci\u00f3n abajo firmante, como externos, que realizan tareas y operaciones espec\u00edficas (administraci\u00f3n del sitio, an\u00e1lisis de datos de navegaci\u00f3n y tr\u00e1fico, gesti\u00f3n de correos electr\u00f3nicos y formularios enviados voluntariamente por el usuario, procesamiento de solicitudes y pedidos de comercio electr\u00f3nico, etc.)<\/li>\n<li>a \u00abMuseo Nazionale del Cinema &#8211; Fondazione Maria Adriana Prolo\u00bb, como Controlador de Datos, para la comunicaci\u00f3n de los datos personales con el fin de proporcionar los bienes y servicios adquiridos por los usuarios;<\/li>\n<li>en los casos y a las entidades previstas por la ley<\/li>\n<\/ul>\n<p> Los datos no se divulgar\u00e1n a menos que la ley disponga lo contrario o tras su anonimizaci\u00f3n. Sin perjuicio de lo especificado respecto a las cookies y a los elementos de terceros, sin el consentimiento general previo del interesado para las comunicaciones a terceros, s\u00f3lo ser\u00e1 posible llevar a cabo servicios que no contemplen dichas comunicaciones. Si es necesario, se solicitar\u00e1n consentimientos espec\u00edficos y puntuales y los sujetos receptores de los datos los utilizar\u00e1n como responsables aut\u00f3nomos de los mismos.<\/p>\n<p> En algunos casos (que no son objeto de la gesti\u00f3n ordinaria de este sitio) las Autoridades podr\u00e1n solicitar noticias e informaci\u00f3n, con el fin de controlar el tratamiento de los datos personales. En estos casos, la respuesta es obligatoria bajo pena de sanci\u00f3n administrativa.<\/p>\n<p> <b>DERECHOS DEL INTERESADO<\/b><\/p>\n<p> Usted podr\u00e1 en todo momento: ejercer sus derechos (acceso, rectificaci\u00f3n, cancelaci\u00f3n, limitaci\u00f3n, portabilidad, oposici\u00f3n, prohibici\u00f3n de los procesos de toma de decisiones automatizadas), cuando sea previsto, frente al responsable del tratamiento, de conformidad con los art\u00edculos 15 a 22 del RGPD (<a href=\"https:\/\/eur-lex.europa.eu\/legal-content\/IT\/TXT\/HTML\/?uri=CELEX:32016R0679&amp;&amp;qid=1528354354045&amp;&amp;from=IT\">enlace<\/a> a la norma); presentar una reclamaci\u00f3n ante el Garante (<a href=\"http:\/\/www.garanteprivacy.it\/\">www.garanteprivacy.it<\/a>); cuando el tratamiento se basa en el consentimiento, revocar dicho consentimiento dado, teniendo en cuenta que la revocaci\u00f3n del mismo no afecta a la legalidad del tratamiento basado en el consentimiento antes de la revocaci\u00f3n.<\/p>\n<p> <u>Desactivar las cookies<\/u><\/p>\n<p> Casi todos los navegadores ofrecen la posibilidad de gestionar y desactivar las cookies, con el fin de respetar las preferencias de los usuarios. En algunos navegadores es posible establecer reglas para gestionar las cookies sitio por sitio, una opci\u00f3n que ofrece un control m\u00e1s preciso sobre la privacidad del usuario; otra funci\u00f3n disponible en algunos navegadores es el modo de navegaci\u00f3n inc\u00f3gnito, con lo que todas las cookies creadas en este modo se eliminan tras el cierre.<\/p>\n<p> Consulte las siguientes instrucciones para la gesti\u00f3n de las cookies en los navegadores correspondientes:<\/p>\n<ul>\n<li><a href=\"https:\/\/support.google.com\/chrome\/answer\/95647?hl=it\">Chrome<\/a><\/li>\n<li><a href=\"https:\/\/support.mozilla.org\/it\/kb\/Gestione%2520dei%2520cookie\">Firefox<\/a><\/li>\n<li><a href=\"https:\/\/support.microsoft.com\/it-it\/help\/17442\/windows-internet-explorer-delete-manage-cookies\">Internet Explorer<\/a><\/li>\n<li><a href=\"https:\/\/support.apple.com\/it-it\/guide\/safari\/sfri11471\/mac\">Safari<\/a><\/li>\n<\/ul>\n<p> <b>INFORMACI\u00d3N DE CONTACTO<\/b><\/p>\n<p> El responsable del tratamiento es REAR SOCIET\u00c0 COOPERATIVA, en la persona de su representante legal pro tempore.<\/p>\n<p> La sede social se encuentra en VIA PIETRINO BELLI, 55, 10145, TORINO (TO), ITALIA<br \/>\n correo electr\u00f3nico: privacy@rearonline.it<br \/>\n tel.: +39 011 \u2013 53 60 400<br \/>\n web: www.rearonline.it<\/p>\n<div class=\"button-container\"><a class=\"entry-button cta-button\" href=\"https:\/\/cinema.museitorino.it\/es\/?p=12890\">Descubra m\u00e1s<\/a><\/div>","protected":false},"excerpt":{"rendered":"<p>Bozza automatica Informe para la p\u00e1gina web cinema.museitorino.it Art\u00edculos 13-14 del Reg. UE 2016\/679 El informe es una obligaci\u00f3n general que debe cumplirse antes o, a m\u00e1s tardar, en el momento de iniciar la recogida directa de datos personales. En el caso de los datos personales que no se recojan <a class=\"modal-link\" href=\"https:\/\/cinema.museitorino.it\/es\/cookie-policy\/\" data-post-id=\"9136\">Leer m\u00e1s<\/a><\/p>\n","protected":false},"author":23,"featured_media":0,"parent":0,"menu_order":0,"comment_status":"closed","ping_status":"closed","template":"","meta":{"_acf_changed":false,"footnotes":"","_links_to":"","_links_to_target":""},"class_list":["post-9136","page","type-page","status-publish","h-entry","hentry","h-as-page"],"acf":[],"_links":{"self":[{"href":"https:\/\/cinema.museitorino.it\/es\/wp-json\/wp\/v2\/pages\/9136","targetHints":{"allow":["GET"]}}],"collection":[{"href":"https:\/\/cinema.museitorino.it\/es\/wp-json\/wp\/v2\/pages"}],"about":[{"href":"https:\/\/cinema.museitorino.it\/es\/wp-json\/wp\/v2\/types\/page"}],"author":[{"embeddable":true,"href":"https:\/\/cinema.museitorino.it\/es\/wp-json\/wp\/v2\/users\/23"}],"replies":[{"embeddable":true,"href":"https:\/\/cinema.museitorino.it\/es\/wp-json\/wp\/v2\/comments?post=9136"}],"version-history":[{"count":6,"href":"https:\/\/cinema.museitorino.it\/es\/wp-json\/wp\/v2\/pages\/9136\/revisions"}],"predecessor-version":[{"id":10044,"href":"https:\/\/cinema.museitorino.it\/es\/wp-json\/wp\/v2\/pages\/9136\/revisions\/10044"}],"wp:attachment":[{"href":"https:\/\/cinema.museitorino.it\/es\/wp-json\/wp\/v2\/media?parent=9136"}],"curies":[{"name":"wp","href":"https:\/\/api.w.org\/{rel}","templated":true}]}}